{"id":8042,"date":"2019-01-31T19:42:52","date_gmt":"2019-01-31T19:42:52","guid":{"rendered":"http:\/\/niederwennerscheid.de\/?page_id=8042"},"modified":"2022-08-11T11:26:44","modified_gmt":"2022-08-11T11:26:44","slug":"2019-2","status":"publish","type":"page","link":"https:\/\/niederwennerscheid.de\/?page_id=8042","title":{"rendered":"2019 \/ Jahresr\u00fcckblick"},"content":{"rendered":"<h4><span style=\"color: #ff6600;\">Pr\u00e4gnante Ereignisse des Jahres im \u00dcberblick:<\/span><\/h4>\n<ul>\n<li>Roter Blutmond im Januar, totale Mondfinsternis<\/li>\n<li>Karl Lagerfeld stirbt im Alter von 85 Jahren<\/li>\n<li>Erster weltweiter Klima-Streik, von der Bewegung \u201eFridays for Future\u201c ins Leben gerufen. In fast 1700 St\u00e4dten gingen Sch\u00fcler und Sch\u00fclerinnen am Freitag nicht in die Schule sondern demonstrierten f\u00fcr mehr Klimaschutz.<\/li>\n<li>Wirbelsturm Idai w\u00fctet S\u00fcdosten Afrikas. Heftige \u00dcberschwemmungen,<br \/>\nhunderte Tote und Hundertausende Obdachlose.<\/li>\n<li>Die Pariser Kathedrale Notre-Dame brennt. Das komplette Holzdach sowie der<br \/>\nSpitzturm der Kirche wurde zerst\u00f6rt.<\/li>\n<li>Formel-1-Legende Niki Lauda stirbt im Alter von 70 Jahren<\/li>\n<li>Im Juli neuer deutscher Hitzerekord: 42,6 Grad. Durch die Hitzewelle und wenig Regen kam es diesen Sommer zu einer langen Trockenheit in Deutschland, was<br \/>\nauch dazu f\u00fchrte, dass viele B\u00e4ume in den W\u00e4ldern starben.<\/li>\n<li>Regenwald des Amazonas versinkt im Flammenmeer. Mehr als 80.000 Feuer<br \/>\nvernichten B\u00e4ume auf Tausenden Quadratkilometern. Brandrodung, Trockenheit und Hitze sind die Ursache.<\/li>\n<li>Gro\u00dfe Koalition beschlie\u00dft Klimapaket, das 54 Milliarden Euro umfasst<br \/>\n(Erreichen der Klimaschutzziele bis 2030).<\/li>\n<li>Fritz von Weizs\u00e4cker, Sohn von Ex-Bundespr\u00e4sident Richard von Weizs\u00e4cker,<br \/>\nwird in Berlin ermordet. &nbsp;<\/li>\n<li>Sommerfest in Niederwennerscheid<\/li>\n<li>Einweihung Tannenbaum Dorfplatz, Adventskaffee<\/li>\n<li>\u2026\u2026<\/li>\n<\/ul>\n","protected":false},"excerpt":{"rendered":"<p>Pr\u00e4gnante Ereignisse des Jahres im \u00dcberblick: Roter Blutmond im Januar, totale Mondfinsternis Karl Lagerfeld stirbt im Alter von 85 Jahren Erster weltweiter Klima-Streik, von der Bewegung \u201eFridays for Future\u201c ins Leben gerufen. In fast 1700 St\u00e4dten gingen Sch\u00fcler und Sch\u00fclerinnen &hellip; <a href=\"https:\/\/niederwennerscheid.de\/?page_id=8042\">Weiterlesen <span class=\"meta-nav\">&rarr;<\/span><\/a><\/p>\n","protected":false},"author":5,"featured_media":0,"parent":0,"menu_order":0,"comment_status":"closed","ping_status":"closed","template":"","meta":{"_crdt_document":"","ngg_post_thumbnail":0,"footnotes":""},"class_list":["post-8042","page","type-page","status-publish","hentry"],"_links":{"self":[{"href":"https:\/\/niederwennerscheid.de\/index.php?rest_route=\/wp\/v2\/pages\/8042","targetHints":{"allow":["GET"]}}],"collection":[{"href":"https:\/\/niederwennerscheid.de\/index.php?rest_route=\/wp\/v2\/pages"}],"about":[{"href":"https:\/\/niederwennerscheid.de\/index.php?rest_route=\/wp\/v2\/types\/page"}],"author":[{"embeddable":true,"href":"https:\/\/niederwennerscheid.de\/index.php?rest_route=\/wp\/v2\/users\/5"}],"replies":[{"embeddable":true,"href":"https:\/\/niederwennerscheid.de\/index.php?rest_route=%2Fwp%2Fv2%2Fcomments&post=8042"}],"version-history":[{"count":4,"href":"https:\/\/niederwennerscheid.de\/index.php?rest_route=\/wp\/v2\/pages\/8042\/revisions"}],"predecessor-version":[{"id":11764,"href":"https:\/\/niederwennerscheid.de\/index.php?rest_route=\/wp\/v2\/pages\/8042\/revisions\/11764"}],"wp:attachment":[{"href":"https:\/\/niederwennerscheid.de\/index.php?rest_route=%2Fwp%2Fv2%2Fmedia&parent=8042"}],"curies":[{"name":"wp","href":"https:\/\/api.w.org\/{rel}","templated":true}]}}