{"id":8011,"date":"2019-01-08T05:44:57","date_gmt":"2019-01-08T05:44:57","guid":{"rendered":"http:\/\/niederwennerscheid.de\/?page_id=8011"},"modified":"2022-11-05T14:54:52","modified_gmt":"2022-11-05T14:54:52","slug":"historisches","status":"publish","type":"page","link":"https:\/\/niederwennerscheid.de\/?page_id=8011","title":{"rendered":"Historische Fotos"},"content":{"rendered":"<h5><span style=\"color: #ff6600;\">Haus der Familie Schultes:<br \/>\n<\/span><\/h5>\n<div id=\"attachment_9164\" style=\"width: 339px\" class=\"wp-caption alignnone\"><a href=\"https:\/\/niederwennerscheid.de\/wp-content\/uploads\/2019\/09\/CCI_000004.jpg\"><img loading=\"lazy\" decoding=\"async\" aria-describedby=\"caption-attachment-9164\" class=\" wp-image-9164\" src=\"https:\/\/niederwennerscheid.de\/wp-content\/uploads\/2019\/09\/CCI_000004-300x189.jpg\" alt=\"\" width=\"329\" height=\"208\" srcset=\"https:\/\/niederwennerscheid.de\/wp-content\/uploads\/2019\/09\/CCI_000004-300x189.jpg 300w, https:\/\/niederwennerscheid.de\/wp-content\/uploads\/2019\/09\/CCI_000004-768x485.jpg 768w, https:\/\/niederwennerscheid.de\/wp-content\/uploads\/2019\/09\/CCI_000004.jpg 800w\" sizes=\"auto, (max-width: 329px) 100vw, 329px\" \/><\/a><p id=\"caption-attachment-9164\" class=\"wp-caption-text\">Haus Schultes hinten (Frau Grah)<br \/>Haus vorn (nicht mehr vorhanden)<br \/>auf Grundst\u00fcck Bungarten.<br \/>Peter Neff in Haust\u00fcr, andere Personen unbekannt<\/p><\/div>\n<div id=\"attachment_9163\" style=\"width: 310px\" class=\"wp-caption alignnone\"><a href=\"https:\/\/niederwennerscheid.de\/wp-content\/uploads\/2019\/09\/CCI_000003.jpg\"><img loading=\"lazy\" decoding=\"async\" aria-describedby=\"caption-attachment-9163\" class=\"size-medium wp-image-9163\" src=\"https:\/\/niederwennerscheid.de\/wp-content\/uploads\/2019\/09\/CCI_000003-300x193.jpg\" alt=\"\" width=\"300\" height=\"193\" srcset=\"https:\/\/niederwennerscheid.de\/wp-content\/uploads\/2019\/09\/CCI_000003-300x193.jpg 300w, https:\/\/niederwennerscheid.de\/wp-content\/uploads\/2019\/09\/CCI_000003-768x494.jpg 768w, https:\/\/niederwennerscheid.de\/wp-content\/uploads\/2019\/09\/CCI_000003.jpg 800w\" sizes=\"auto, (max-width: 300px) 100vw, 300px\" \/><\/a><p id=\"caption-attachment-9163\" class=\"wp-caption-text\">Haus von Schultes vor dem Krieg,<br \/>Personen unbekannt<\/p><\/div>\n<div id=\"attachment_9162\" style=\"width: 202px\" class=\"wp-caption alignnone\"><a href=\"https:\/\/niederwennerscheid.de\/wp-content\/uploads\/2019\/09\/CCI_000002.jpg\"><img loading=\"lazy\" decoding=\"async\" aria-describedby=\"caption-attachment-9162\" class=\"size-medium wp-image-9162\" src=\"https:\/\/niederwennerscheid.de\/wp-content\/uploads\/2019\/09\/CCI_000002-192x300.jpg\" alt=\"\" width=\"192\" height=\"300\" srcset=\"https:\/\/niederwennerscheid.de\/wp-content\/uploads\/2019\/09\/CCI_000002-192x300.jpg 192w, https:\/\/niederwennerscheid.de\/wp-content\/uploads\/2019\/09\/CCI_000002.jpg 513w\" sizes=\"auto, (max-width: 192px) 100vw, 192px\" \/><\/a><p id=\"caption-attachment-9162\" class=\"wp-caption-text\">Frau Grah im Garten, vor dem Krieg<\/p><\/div>\n<div id=\"attachment_9161\" style=\"width: 310px\" class=\"wp-caption alignnone\"><a href=\"https:\/\/niederwennerscheid.de\/wp-content\/uploads\/2019\/09\/CCI_000001.jpg\"><img loading=\"lazy\" decoding=\"async\" aria-describedby=\"caption-attachment-9161\" class=\"size-medium wp-image-9161\" src=\"https:\/\/niederwennerscheid.de\/wp-content\/uploads\/2019\/09\/CCI_000001-300x239.jpg\" alt=\"\" width=\"300\" height=\"239\" srcset=\"https:\/\/niederwennerscheid.de\/wp-content\/uploads\/2019\/09\/CCI_000001-300x239.jpg 300w, https:\/\/niederwennerscheid.de\/wp-content\/uploads\/2019\/09\/CCI_000001-768x612.jpg 768w, https:\/\/niederwennerscheid.de\/wp-content\/uploads\/2019\/09\/CCI_000001.jpg 800w\" sizes=\"auto, (max-width: 300px) 100vw, 300px\" \/><\/a><p id=\"caption-attachment-9161\" class=\"wp-caption-text\">Haus von Klaus Schultes, Aufnahme ca. 1982<\/p><\/div>\n<h5><span style=\"color: #ff6600;\"><br \/>\nUnser Dorf Anno 1900:<\/span><span style=\"color: #ff6600;\"><br \/>\nSiehe auch <a href=\"https:\/\/niederwennerscheid.de\/?p=7886\">Beitrag vom 8.1.19<\/a><br \/>\n<\/span><\/h5>\n<p><a href=\"https:\/\/www.niederwennerscheid.de\/wp-content\/uploads\/2019\/01\/26-unbekannt.jpg\"><img loading=\"lazy\" decoding=\"async\" class=\"alignnone wp-image-7952\" title=\"unbekannt\" src=\"https:\/\/www.niederwennerscheid.de\/wp-content\/uploads\/2019\/01\/26-unbekannt.jpg\" alt=\"\" width=\"195\" height=\"285\" srcset=\"https:\/\/niederwennerscheid.de\/wp-content\/uploads\/2019\/01\/26-unbekannt.jpg 547w, https:\/\/niederwennerscheid.de\/wp-content\/uploads\/2019\/01\/26-unbekannt-205x300.jpg 205w\" sizes=\"auto, (max-width: 195px) 100vw, 195px\" \/><\/a> <a href=\"https:\/\/www.niederwennerscheid.de\/wp-content\/uploads\/2019\/01\/25-unbekannt.jpg\"><img loading=\"lazy\" decoding=\"async\" class=\"alignnone wp-image-7951\" title=\"unbekannt\" src=\"https:\/\/www.niederwennerscheid.de\/wp-content\/uploads\/2019\/01\/25-unbekannt.jpg\" alt=\"\" width=\"285\" height=\"282\" srcset=\"https:\/\/niederwennerscheid.de\/wp-content\/uploads\/2019\/01\/25-unbekannt.jpg 800w, https:\/\/niederwennerscheid.de\/wp-content\/uploads\/2019\/01\/25-unbekannt-300x297.jpg 300w, https:\/\/niederwennerscheid.de\/wp-content\/uploads\/2019\/01\/25-unbekannt-768x760.jpg 768w\" sizes=\"auto, (max-width: 285px) 100vw, 285px\" \/><\/a> <a href=\"https:\/\/www.niederwennerscheid.de\/wp-content\/uploads\/2019\/01\/24-unbekannt.jpg\"><img loading=\"lazy\" decoding=\"async\" class=\"alignnone wp-image-7950\" title=\"unbekannt\" src=\"https:\/\/www.niederwennerscheid.de\/wp-content\/uploads\/2019\/01\/24-unbekannt.jpg\" alt=\"\" width=\"188\" height=\"280\"><\/a> <a href=\"https:\/\/www.niederwennerscheid.de\/wp-content\/uploads\/2019\/01\/23-unbekannt.jpg\"><img loading=\"lazy\" decoding=\"async\" class=\"alignnone wp-image-7949\" title=\"unbekannt\" src=\"https:\/\/www.niederwennerscheid.de\/wp-content\/uploads\/2019\/01\/23-unbekannt.jpg\" alt=\"\" width=\"409\" height=\"265\" srcset=\"https:\/\/niederwennerscheid.de\/wp-content\/uploads\/2019\/01\/23-unbekannt.jpg 800w, https:\/\/niederwennerscheid.de\/wp-content\/uploads\/2019\/01\/23-unbekannt-300x194.jpg 300w, https:\/\/niederwennerscheid.de\/wp-content\/uploads\/2019\/01\/23-unbekannt-768x495.jpg 768w\" sizes=\"auto, (max-width: 409px) 100vw, 409px\" \/><\/a> <a href=\"https:\/\/www.niederwennerscheid.de\/wp-content\/uploads\/2019\/01\/22-unbekannt.jpg\"><img loading=\"lazy\" decoding=\"async\" class=\"alignnone wp-image-7948\" title=\"unbekannt\" src=\"https:\/\/www.niederwennerscheid.de\/wp-content\/uploads\/2019\/01\/22-unbekannt.jpg\" alt=\"\" width=\"244\" height=\"250\" srcset=\"https:\/\/niederwennerscheid.de\/wp-content\/uploads\/2019\/01\/22-unbekannt.jpg 418w, https:\/\/niederwennerscheid.de\/wp-content\/uploads\/2019\/01\/22-unbekannt-293x300.jpg 293w\" sizes=\"auto, (max-width: 244px) 100vw, 244px\" \/><\/a> <a href=\"https:\/\/www.niederwennerscheid.de\/wp-content\/uploads\/2019\/01\/21-unbekannt.jpg\"><img loading=\"lazy\" decoding=\"async\" class=\"alignnone wp-image-7947\" title=\"unbekannt\" src=\"https:\/\/www.niederwennerscheid.de\/wp-content\/uploads\/2019\/01\/21-unbekannt.jpg\" alt=\"\" width=\"411\" height=\"250\" srcset=\"https:\/\/niederwennerscheid.de\/wp-content\/uploads\/2019\/01\/21-unbekannt.jpg 800w, https:\/\/niederwennerscheid.de\/wp-content\/uploads\/2019\/01\/21-unbekannt-300x182.jpg 300w, https:\/\/niederwennerscheid.de\/wp-content\/uploads\/2019\/01\/21-unbekannt-768x466.jpg 768w\" sizes=\"auto, (max-width: 411px) 100vw, 411px\" \/><\/a> <a href=\"https:\/\/www.niederwennerscheid.de\/wp-content\/uploads\/2019\/01\/20-Haus-Neef.jpg\"><img loading=\"lazy\" decoding=\"async\" class=\"alignnone wp-image-7946\" title=\"Haus Neff\" src=\"https:\/\/www.niederwennerscheid.de\/wp-content\/uploads\/2019\/01\/20-Haus-Neef.jpg\" alt=\"\" width=\"376\" height=\"252\" srcset=\"https:\/\/niederwennerscheid.de\/wp-content\/uploads\/2019\/01\/20-Haus-Neef.jpg 800w, https:\/\/niederwennerscheid.de\/wp-content\/uploads\/2019\/01\/20-Haus-Neef-300x201.jpg 300w, https:\/\/niederwennerscheid.de\/wp-content\/uploads\/2019\/01\/20-Haus-Neef-768x515.jpg 768w\" sizes=\"auto, (max-width: 376px) 100vw, 376px\" \/><\/a> <a href=\"https:\/\/www.niederwennerscheid.de\/wp-content\/uploads\/2019\/01\/19-vor-dem-Dorfkreuz.jpg\"><img loading=\"lazy\" decoding=\"async\" class=\"alignnone wp-image-7945\" title=\"vor dem Dorfkreuz\" src=\"https:\/\/www.niederwennerscheid.de\/wp-content\/uploads\/2019\/01\/19-vor-dem-Dorfkreuz.jpg\" alt=\"\" width=\"390\" height=\"247\" srcset=\"https:\/\/niederwennerscheid.de\/wp-content\/uploads\/2019\/01\/19-vor-dem-Dorfkreuz.jpg 800w, https:\/\/niederwennerscheid.de\/wp-content\/uploads\/2019\/01\/19-vor-dem-Dorfkreuz-300x190.jpg 300w, https:\/\/niederwennerscheid.de\/wp-content\/uploads\/2019\/01\/19-vor-dem-Dorfkreuz-768x486.jpg 768w\" sizes=\"auto, (max-width: 390px) 100vw, 390px\" \/><\/a> <a href=\"https:\/\/www.niederwennerscheid.de\/wp-content\/uploads\/2019\/01\/18-unbekannt.jpg\"><img loading=\"lazy\" decoding=\"async\" class=\"alignnone wp-image-7944\" title=\"unbekannt\" src=\"https:\/\/www.niederwennerscheid.de\/wp-content\/uploads\/2019\/01\/18-unbekannt.jpg\" alt=\"\" width=\"357\" height=\"245\" srcset=\"https:\/\/niederwennerscheid.de\/wp-content\/uploads\/2019\/01\/18-unbekannt.jpg 800w, https:\/\/niederwennerscheid.de\/wp-content\/uploads\/2019\/01\/18-unbekannt-300x206.jpg 300w, https:\/\/niederwennerscheid.de\/wp-content\/uploads\/2019\/01\/18-unbekannt-768x526.jpg 768w\" sizes=\"auto, (max-width: 357px) 100vw, 357px\" \/><\/a> <a href=\"https:\/\/www.niederwennerscheid.de\/wp-content\/uploads\/2019\/01\/17-unbekannt-e1546822094899.jpg\"><img loading=\"lazy\" decoding=\"async\" class=\"alignnone wp-image-7943\" title=\"unbekannt\" src=\"https:\/\/www.niederwennerscheid.de\/wp-content\/uploads\/2019\/01\/17-unbekannt-e1546822094899.jpg\" alt=\"\" width=\"167\" height=\"257\" srcset=\"https:\/\/niederwennerscheid.de\/wp-content\/uploads\/2019\/01\/17-unbekannt-e1546822094899.jpg 516w, https:\/\/niederwennerscheid.de\/wp-content\/uploads\/2019\/01\/17-unbekannt-e1546822094899-194x300.jpg 194w\" sizes=\"auto, (max-width: 167px) 100vw, 167px\" \/><\/a> <a href=\"https:\/\/www.niederwennerscheid.de\/wp-content\/uploads\/2019\/01\/16-unbekannt.jpg\"><img loading=\"lazy\" decoding=\"async\" class=\"alignnone wp-image-7942\" title=\"unbekannt\" src=\"https:\/\/www.niederwennerscheid.de\/wp-content\/uploads\/2019\/01\/16-unbekannt.jpg\" alt=\"\" width=\"303\" height=\"192\" srcset=\"https:\/\/niederwennerscheid.de\/wp-content\/uploads\/2019\/01\/16-unbekannt.jpg 800w, https:\/\/niederwennerscheid.de\/wp-content\/uploads\/2019\/01\/16-unbekannt-300x190.jpg 300w, https:\/\/niederwennerscheid.de\/wp-content\/uploads\/2019\/01\/16-unbekannt-768x486.jpg 768w\" sizes=\"auto, (max-width: 303px) 100vw, 303px\" \/><\/a><a href=\"https:\/\/www.niederwennerscheid.de\/wp-content\/uploads\/2019\/01\/14-Kreuzeinweihung.jpg\"><img loading=\"lazy\" decoding=\"async\" class=\"alignnone wp-image-7940\" title=\"Kreuzeinweihung\" src=\"https:\/\/www.niederwennerscheid.de\/wp-content\/uploads\/2019\/01\/14-Kreuzeinweihung.jpg\" alt=\"\" width=\"354\" height=\"256\" srcset=\"https:\/\/niederwennerscheid.de\/wp-content\/uploads\/2019\/01\/14-Kreuzeinweihung.jpg 800w, https:\/\/niederwennerscheid.de\/wp-content\/uploads\/2019\/01\/14-Kreuzeinweihung-300x217.jpg 300w, https:\/\/niederwennerscheid.de\/wp-content\/uploads\/2019\/01\/14-Kreuzeinweihung-768x556.jpg 768w\" sizes=\"auto, (max-width: 354px) 100vw, 354px\" \/><\/a> <a href=\"https:\/\/www.niederwennerscheid.de\/wp-content\/uploads\/2019\/01\/15-Peter-Neff.jpg\"><img loading=\"lazy\" decoding=\"async\" class=\"alignnone wp-image-7941\" title=\"Peter Neff\" src=\"https:\/\/www.niederwennerscheid.de\/wp-content\/uploads\/2019\/01\/15-Peter-Neff.jpg\" alt=\"\" width=\"195\" height=\"253\" srcset=\"https:\/\/niederwennerscheid.de\/wp-content\/uploads\/2019\/01\/15-Peter-Neff.jpg 340w, https:\/\/niederwennerscheid.de\/wp-content\/uploads\/2019\/01\/15-Peter-Neff-230x300.jpg 230w\" sizes=\"auto, (max-width: 195px) 100vw, 195px\" \/><\/a> <a href=\"https:\/\/www.niederwennerscheid.de\/wp-content\/uploads\/2019\/01\/13-Beim-Sch\u00e4ng.jpg\"><img loading=\"lazy\" decoding=\"async\" class=\"alignnone wp-image-7939\" title=\"Beim Sch\u00e4ng\" src=\"https:\/\/www.niederwennerscheid.de\/wp-content\/uploads\/2019\/01\/13-Beim-Sch\u00e4ng.jpg\" alt=\"\" width=\"246\" height=\"247\" srcset=\"https:\/\/niederwennerscheid.de\/wp-content\/uploads\/2019\/01\/13-Beim-Sch\u00e4ng.jpg 498w, https:\/\/niederwennerscheid.de\/wp-content\/uploads\/2019\/01\/13-Beim-Sch\u00e4ng-150x150.jpg 150w, https:\/\/niederwennerscheid.de\/wp-content\/uploads\/2019\/01\/13-Beim-Sch\u00e4ng-300x300.jpg 300w\" sizes=\"auto, (max-width: 246px) 100vw, 246px\" \/><\/a> <a href=\"https:\/\/www.niederwennerscheid.de\/wp-content\/uploads\/2019\/01\/12-Haus-Dieres-Sch\u00e4ng.jpg\"><img loading=\"lazy\" decoding=\"async\" class=\"alignnone wp-image-7938\" title=\"Haus Dieres Sch\u00e4ng\" src=\"https:\/\/www.niederwennerscheid.de\/wp-content\/uploads\/2019\/01\/12-Haus-Dieres-Sch\u00e4ng.jpg\" alt=\"\" width=\"350\" height=\"235\" srcset=\"https:\/\/niederwennerscheid.de\/wp-content\/uploads\/2019\/01\/12-Haus-Dieres-Sch\u00e4ng.jpg 800w, https:\/\/niederwennerscheid.de\/wp-content\/uploads\/2019\/01\/12-Haus-Dieres-Sch\u00e4ng-300x201.jpg 300w, https:\/\/niederwennerscheid.de\/wp-content\/uploads\/2019\/01\/12-Haus-Dieres-Sch\u00e4ng-768x514.jpg 768w\" sizes=\"auto, (max-width: 350px) 100vw, 350px\" \/><\/a> <a href=\"https:\/\/www.niederwennerscheid.de\/wp-content\/uploads\/2019\/01\/11-Luftbild-Niederwennerscheid-1942.jpg\"><img loading=\"lazy\" decoding=\"async\" class=\"alignnone wp-image-7937\" title=\"Luftbild Niederwennerscheid 1942\" src=\"https:\/\/www.niederwennerscheid.de\/wp-content\/uploads\/2019\/01\/11-Luftbild-Niederwennerscheid-1942.jpg\" alt=\"\" width=\"246\" height=\"276\" srcset=\"https:\/\/niederwennerscheid.de\/wp-content\/uploads\/2019\/01\/11-Luftbild-Niederwennerscheid-1942.jpg 712w, https:\/\/niederwennerscheid.de\/wp-content\/uploads\/2019\/01\/11-Luftbild-Niederwennerscheid-1942-267x300.jpg 267w\" sizes=\"auto, (max-width: 246px) 100vw, 246px\" \/><\/a> <a href=\"https:\/\/www.niederwennerscheid.de\/wp-content\/uploads\/2019\/01\/10.l.jpg\"><img loading=\"lazy\" decoding=\"async\" class=\"alignnone wp-image-7936\" title=\"unbekannt\" src=\"https:\/\/www.niederwennerscheid.de\/wp-content\/uploads\/2019\/01\/10.l.jpg\" alt=\"\" width=\"244\" height=\"276\" srcset=\"https:\/\/niederwennerscheid.de\/wp-content\/uploads\/2019\/01\/10.l.jpg 706w, https:\/\/niederwennerscheid.de\/wp-content\/uploads\/2019\/01\/10.l-265x300.jpg 265w\" sizes=\"auto, (max-width: 244px) 100vw, 244px\" \/><\/a> <a href=\"https:\/\/www.niederwennerscheid.de\/wp-content\/uploads\/2019\/01\/10-Herrenwiedserm\u00fchle-Blick-auf-Wennerscheid.jpg\"><img loading=\"lazy\" decoding=\"async\" class=\"alignnone wp-image-7935\" title=\"Herrenwieserm\u00fchle, Blick auf Wennerscheid\" src=\"https:\/\/www.niederwennerscheid.de\/wp-content\/uploads\/2019\/01\/10-Herrenwiedserm\u00fchle-Blick-auf-Wennerscheid.jpg\" alt=\"\" width=\"427\" height=\"276\" srcset=\"https:\/\/niederwennerscheid.de\/wp-content\/uploads\/2019\/01\/10-Herrenwiedserm\u00fchle-Blick-auf-Wennerscheid.jpg 800w, https:\/\/niederwennerscheid.de\/wp-content\/uploads\/2019\/01\/10-Herrenwiedserm\u00fchle-Blick-auf-Wennerscheid-300x194.jpg 300w, https:\/\/niederwennerscheid.de\/wp-content\/uploads\/2019\/01\/10-Herrenwiedserm\u00fchle-Blick-auf-Wennerscheid-768x495.jpg 768w\" sizes=\"auto, (max-width: 427px) 100vw, 427px\" \/><\/a> <a href=\"https:\/\/www.niederwennerscheid.de\/wp-content\/uploads\/2019\/01\/9-Haus-Orth-Schmitz-2.jpg\"><img loading=\"lazy\" decoding=\"async\" class=\"alignnone wp-image-7934\" title=\"Haus Orth-Schmitz\" src=\"https:\/\/www.niederwennerscheid.de\/wp-content\/uploads\/2019\/01\/9-Haus-Orth-Schmitz-2.jpg\" alt=\"\" width=\"409\" height=\"273\" srcset=\"https:\/\/niederwennerscheid.de\/wp-content\/uploads\/2019\/01\/9-Haus-Orth-Schmitz-2.jpg 800w, https:\/\/niederwennerscheid.de\/wp-content\/uploads\/2019\/01\/9-Haus-Orth-Schmitz-2-300x200.jpg 300w, https:\/\/niederwennerscheid.de\/wp-content\/uploads\/2019\/01\/9-Haus-Orth-Schmitz-2-768x511.jpg 768w\" sizes=\"auto, (max-width: 409px) 100vw, 409px\" \/><\/a> <a href=\"https:\/\/www.niederwennerscheid.de\/wp-content\/uploads\/2019\/01\/8-Haus-Orth-Schmitz-1.jpg\"><img loading=\"lazy\" decoding=\"async\" class=\"alignnone wp-image-7933\" title=\"Haus Orth-Schmitz\" src=\"https:\/\/www.niederwennerscheid.de\/wp-content\/uploads\/2019\/01\/8-Haus-Orth-Schmitz-1.jpg\" alt=\"\" width=\"159\" height=\"237\" srcset=\"https:\/\/niederwennerscheid.de\/wp-content\/uploads\/2019\/01\/8-Haus-Orth-Schmitz-1.jpg 535w, https:\/\/niederwennerscheid.de\/wp-content\/uploads\/2019\/01\/8-Haus-Orth-Schmitz-1-201x300.jpg 201w\" sizes=\"auto, (max-width: 159px) 100vw, 159px\" \/><\/a> <a href=\"https:\/\/www.niederwennerscheid.de\/wp-content\/uploads\/2019\/01\/7-Haus-Oberh\u00e4user-sp\u00e4ter-F\u00fcllenbach-2.jpg\"><img loading=\"lazy\" decoding=\"async\" class=\"alignnone wp-image-7932\" title=\"Haus Oberh\u00e4user, sp\u00e4ter F\u00fcllenbach\" src=\"https:\/\/www.niederwennerscheid.de\/wp-content\/uploads\/2019\/01\/7-Haus-Oberh\u00e4user-sp\u00e4ter-F\u00fcllenbach-2.jpg\" alt=\"\" width=\"167\" height=\"226\" srcset=\"https:\/\/niederwennerscheid.de\/wp-content\/uploads\/2019\/01\/7-Haus-Oberh\u00e4user-sp\u00e4ter-F\u00fcllenbach-2.jpg 589w, https:\/\/niederwennerscheid.de\/wp-content\/uploads\/2019\/01\/7-Haus-Oberh\u00e4user-sp\u00e4ter-F\u00fcllenbach-2-221x300.jpg 221w\" sizes=\"auto, (max-width: 167px) 100vw, 167px\" \/><\/a> <a href=\"https:\/\/www.niederwennerscheid.de\/wp-content\/uploads\/2019\/01\/6-Haus-Oberh\u00e4user-sp\u00e4ter-F\u00fcllenbach-1.jpg\"><img loading=\"lazy\" decoding=\"async\" class=\"alignnone wp-image-7931\" title=\"Haus Oberh\u00e4user, sp\u00e4ter F\u00fcllenbach\" src=\"https:\/\/www.niederwennerscheid.de\/wp-content\/uploads\/2019\/01\/6-Haus-Oberh\u00e4user-sp\u00e4ter-F\u00fcllenbach-1.jpg\" alt=\"\" width=\"339\" height=\"228\" srcset=\"https:\/\/niederwennerscheid.de\/wp-content\/uploads\/2019\/01\/6-Haus-Oberh\u00e4user-sp\u00e4ter-F\u00fcllenbach-1.jpg 800w, https:\/\/niederwennerscheid.de\/wp-content\/uploads\/2019\/01\/6-Haus-Oberh\u00e4user-sp\u00e4ter-F\u00fcllenbach-1-300x201.jpg 300w, https:\/\/niederwennerscheid.de\/wp-content\/uploads\/2019\/01\/6-Haus-Oberh\u00e4user-sp\u00e4ter-F\u00fcllenbach-1-768x516.jpg 768w\" sizes=\"auto, (max-width: 339px) 100vw, 339px\" \/><\/a> <a href=\"https:\/\/www.niederwennerscheid.de\/wp-content\/uploads\/2019\/01\/5-Altes-Haus-der-Fam.-Lohre.jpg\"><img loading=\"lazy\" decoding=\"async\" class=\"alignnone wp-image-7930\" title=\"altes Haus der Familie Lohre\" src=\"https:\/\/www.niederwennerscheid.de\/wp-content\/uploads\/2019\/01\/5-Altes-Haus-der-Fam.-Lohre.jpg\" alt=\"\" width=\"326\" height=\"218\" srcset=\"https:\/\/niederwennerscheid.de\/wp-content\/uploads\/2019\/01\/5-Altes-Haus-der-Fam.-Lohre.jpg 800w, https:\/\/niederwennerscheid.de\/wp-content\/uploads\/2019\/01\/5-Altes-Haus-der-Fam.-Lohre-300x200.jpg 300w, https:\/\/niederwennerscheid.de\/wp-content\/uploads\/2019\/01\/5-Altes-Haus-der-Fam.-Lohre-768x512.jpg 768w\" sizes=\"auto, (max-width: 326px) 100vw, 326px\" \/><\/a> <a href=\"https:\/\/www.niederwennerscheid.de\/wp-content\/uploads\/2019\/01\/4-Heimatforscher-Wilhelm-Hirtsiefer-vor-dem-Haus-K\u00fcpper.jpg\"><img loading=\"lazy\" decoding=\"async\" class=\"alignnone wp-image-7929\" title=\"Heimatforscher Wilhelm Hirtsiefer vor dem Haus K\u00fcpper\" src=\"https:\/\/www.niederwennerscheid.de\/wp-content\/uploads\/2019\/01\/4-Heimatforscher-Wilhelm-Hirtsiefer-vor-dem-Haus-K\u00fcpper.jpg\" alt=\"\" width=\"143\" height=\"215\" srcset=\"https:\/\/niederwennerscheid.de\/wp-content\/uploads\/2019\/01\/4-Heimatforscher-Wilhelm-Hirtsiefer-vor-dem-Haus-K\u00fcpper.jpg 530w, https:\/\/niederwennerscheid.de\/wp-content\/uploads\/2019\/01\/4-Heimatforscher-Wilhelm-Hirtsiefer-vor-dem-Haus-K\u00fcpper-199x300.jpg 199w\" sizes=\"auto, (max-width: 143px) 100vw, 143px\" \/><\/a> <a href=\"https:\/\/www.niederwennerscheid.de\/wp-content\/uploads\/2019\/01\/3-Resi-K\u00fcpper-7.jpg\"><img loading=\"lazy\" decoding=\"async\" class=\"alignnone wp-image-7928\" title=\"Resi K\u00fcpper\" src=\"https:\/\/www.niederwennerscheid.de\/wp-content\/uploads\/2019\/01\/3-Resi-K\u00fcpper-7.jpg\" alt=\"\" width=\"217\" height=\"211\" srcset=\"https:\/\/niederwennerscheid.de\/wp-content\/uploads\/2019\/01\/3-Resi-K\u00fcpper-7.jpg 800w, https:\/\/niederwennerscheid.de\/wp-content\/uploads\/2019\/01\/3-Resi-K\u00fcpper-7-300x291.jpg 300w, https:\/\/niederwennerscheid.de\/wp-content\/uploads\/2019\/01\/3-Resi-K\u00fcpper-7-768x746.jpg 768w\" sizes=\"auto, (max-width: 217px) 100vw, 217px\" \/><\/a> <a href=\"https:\/\/www.niederwennerscheid.de\/wp-content\/uploads\/2019\/01\/2-Fam.-K\u00fcpper-2.jpg\"><img loading=\"lazy\" decoding=\"async\" class=\"alignnone wp-image-7927\" title=\"Familie K\u00fcpper\" src=\"https:\/\/www.niederwennerscheid.de\/wp-content\/uploads\/2019\/01\/2-Fam.-K\u00fcpper-2.jpg\" alt=\"\" width=\"170\" height=\"259\"><\/a> <a href=\"https:\/\/www.niederwennerscheid.de\/wp-content\/uploads\/2019\/01\/1-Fam.-K\u00fcpper-1.jpg\"><img loading=\"lazy\" decoding=\"async\" class=\"alignnone wp-image-7926\" title=\"Familie K\u00fcpper\" src=\"https:\/\/www.niederwennerscheid.de\/wp-content\/uploads\/2019\/01\/1-Fam.-K\u00fcpper-1.jpg\" alt=\"\" width=\"407\" height=\"259\" srcset=\"https:\/\/niederwennerscheid.de\/wp-content\/uploads\/2019\/01\/1-Fam.-K\u00fcpper-1.jpg 800w, https:\/\/niederwennerscheid.de\/wp-content\/uploads\/2019\/01\/1-Fam.-K\u00fcpper-1-300x190.jpg 300w, https:\/\/niederwennerscheid.de\/wp-content\/uploads\/2019\/01\/1-Fam.-K\u00fcpper-1-768x487.jpg 768w\" sizes=\"auto, (max-width: 407px) 100vw, 407px\" \/><\/a><\/p>\n","protected":false},"excerpt":{"rendered":"<p>Haus der Familie Schultes: Unser Dorf Anno 1900: Siehe auch Beitrag vom 8.1.19<\/p>\n","protected":false},"author":5,"featured_media":0,"parent":0,"menu_order":0,"comment_status":"closed","ping_status":"closed","template":"","meta":{"_crdt_document":"","ngg_post_thumbnail":0,"footnotes":""},"class_list":["post-8011","page","type-page","status-publish","hentry"],"_links":{"self":[{"href":"https:\/\/niederwennerscheid.de\/index.php?rest_route=\/wp\/v2\/pages\/8011","targetHints":{"allow":["GET"]}}],"collection":[{"href":"https:\/\/niederwennerscheid.de\/index.php?rest_route=\/wp\/v2\/pages"}],"about":[{"href":"https:\/\/niederwennerscheid.de\/index.php?rest_route=\/wp\/v2\/types\/page"}],"author":[{"embeddable":true,"href":"https:\/\/niederwennerscheid.de\/index.php?rest_route=\/wp\/v2\/users\/5"}],"replies":[{"embeddable":true,"href":"https:\/\/niederwennerscheid.de\/index.php?rest_route=%2Fwp%2Fv2%2Fcomments&post=8011"}],"version-history":[{"count":19,"href":"https:\/\/niederwennerscheid.de\/index.php?rest_route=\/wp\/v2\/pages\/8011\/revisions"}],"predecessor-version":[{"id":12105,"href":"https:\/\/niederwennerscheid.de\/index.php?rest_route=\/wp\/v2\/pages\/8011\/revisions\/12105"}],"wp:attachment":[{"href":"https:\/\/niederwennerscheid.de\/index.php?rest_route=%2Fwp%2Fv2%2Fmedia&parent=8011"}],"curies":[{"name":"wp","href":"https:\/\/api.w.org\/{rel}","templated":true}]}}