{"id":7364,"date":"2018-12-19T12:32:34","date_gmt":"2018-12-19T12:32:34","guid":{"rendered":"http:\/\/niederwennerscheid.de\/?page_id=7364"},"modified":"2022-08-11T11:23:38","modified_gmt":"2022-08-11T11:23:38","slug":"2004-2","status":"publish","type":"page","link":"https:\/\/niederwennerscheid.de\/?page_id=7364","title":{"rendered":"2004 \/ Jahresr\u00fcckblick"},"content":{"rendered":"<div class=\"entry-content\">\n<h4 class=\"content__headline content-padding\"><span style=\"color: #ff6600;\">Pr\u00e4gnante Ereignisse des Jahres im \u00dcberblick:<\/span><\/h4>\n<ul>\n<li>Ein K\u00fcnstler von Weltrang verlie\u00df am 28. M\u00e4rz die B\u00fchne f\u00fcr immer:<br \/>\nder 1921 geborene Sir Peter Ustinov.<\/li>\n<li>Wenige Tage vor dem Jahreswechsel, am 26. Dezember 2004, l\u00f6ste ein<br \/>\nErdbeben der St\u00e4rke 9,1 den Tsunami in Asien aus. Mit schier unglaublicher<br \/>\nKraft zerst\u00f6rte die Welle an den K\u00fcsten des Indischen Ozeans D\u00f6rfer, Hotels und St\u00e4dte.<br \/>\nUngef\u00e4hr 230.000 Menschen sterben, fast zwei Millionen Menschen verlieren<br \/>\nall ihr Hab und Gut &#8211; der Tsunami in S\u00fcdasien richtet unermessliches Leid an.<br \/>\nAuf einer L\u00e4nge von mehr als 1000 Kilometern wurde die Grenze der<br \/>\nindisch-australischen und der eurasischen Erdplatte<br \/>\nvon einer Reihe von Beben ersch\u00fcttert.<\/li>\n<li>Griechenland wurde in Portugal Fu\u00dfball-Europameister<\/li>\n<li><b>Wort des Jahres 2004: <\/b>Hartz IV<\/li>\n<li><b>Unwort des Jahres 2004: <\/b>Humankapital<\/li>\n<li>j\u00e4hrliches Sommerfest<\/li>\n<li>Seniorenkaffee in der Adventszeit<\/li>\n<\/ul>\n<\/div>\n","protected":false},"excerpt":{"rendered":"<p>Pr\u00e4gnante Ereignisse des Jahres im \u00dcberblick: Ein K\u00fcnstler von Weltrang verlie\u00df am 28. M\u00e4rz die B\u00fchne f\u00fcr immer: der 1921 geborene Sir Peter Ustinov. Wenige Tage vor dem Jahreswechsel, am 26. Dezember 2004, l\u00f6ste ein Erdbeben der St\u00e4rke 9,1 den &hellip; <a href=\"https:\/\/niederwennerscheid.de\/?page_id=7364\">Weiterlesen <span class=\"meta-nav\">&rarr;<\/span><\/a><\/p>\n","protected":false},"author":5,"featured_media":0,"parent":0,"menu_order":0,"comment_status":"closed","ping_status":"closed","template":"","meta":{"_crdt_document":"","ngg_post_thumbnail":0,"footnotes":""},"class_list":["post-7364","page","type-page","status-publish","hentry"],"_links":{"self":[{"href":"https:\/\/niederwennerscheid.de\/index.php?rest_route=\/wp\/v2\/pages\/7364","targetHints":{"allow":["GET"]}}],"collection":[{"href":"https:\/\/niederwennerscheid.de\/index.php?rest_route=\/wp\/v2\/pages"}],"about":[{"href":"https:\/\/niederwennerscheid.de\/index.php?rest_route=\/wp\/v2\/types\/page"}],"author":[{"embeddable":true,"href":"https:\/\/niederwennerscheid.de\/index.php?rest_route=\/wp\/v2\/users\/5"}],"replies":[{"embeddable":true,"href":"https:\/\/niederwennerscheid.de\/index.php?rest_route=%2Fwp%2Fv2%2Fcomments&post=7364"}],"version-history":[{"count":11,"href":"https:\/\/niederwennerscheid.de\/index.php?rest_route=\/wp\/v2\/pages\/7364\/revisions"}],"predecessor-version":[{"id":11752,"href":"https:\/\/niederwennerscheid.de\/index.php?rest_route=\/wp\/v2\/pages\/7364\/revisions\/11752"}],"wp:attachment":[{"href":"https:\/\/niederwennerscheid.de\/index.php?rest_route=%2Fwp%2Fv2%2Fmedia&parent=7364"}],"curies":[{"name":"wp","href":"https:\/\/api.w.org\/{rel}","templated":true}]}}