{"id":7117,"date":"2018-12-18T20:59:52","date_gmt":"2018-12-18T20:59:52","guid":{"rendered":"http:\/\/niederwennerscheid.de\/?page_id=7117"},"modified":"2022-08-11T11:23:59","modified_gmt":"2022-08-11T11:23:59","slug":"2005-2","status":"publish","type":"page","link":"https:\/\/niederwennerscheid.de\/?page_id=7117","title":{"rendered":"2005 \/ Jahresr\u00fcckblick"},"content":{"rendered":"<h4 class=\"content__headline content-padding\"><span style=\"color: #ff6600;\">Pr\u00e4gnante Ereignisse des Jahres im \u00dcberblick:<\/span><\/h4>\n<ul>\n<li>Nach einem Pontifikat von beinahe 27 Jahren starb am 2. April der 84-j\u00e4hrige<br \/>\nPapst Johannes Paul II.<\/li>\n<li>Kardinal Joseph Ratzinger, geb\u00fcrtig aus dem oberbayerischen Marktl, wurde vom Konklave zum Nachfolger<br \/>\ndes polnischen Papstes gew\u00e4hlt. Ratzinger gab sich den Namen Benedikt XVI.<\/li>\n<li>Gerhard Schr\u00f6der stellt im Bundestag die Vertrauensfrage und verliert<br \/>\nerwartungsgem\u00e4\u00df.<\/li>\n<li>Angela Merkel wird neue Bundeskanzlerin. Zwei starke Fraktionen,<br \/>\ndie SPD und die CDU\/CSU, einigten sich auf eine Gro\u00dfe Koalition.<br \/>\nAm 22. November wurde die aus Ostdeutschland stammende Physikerin und<br \/>\nPolitikerin Angela Merkel vom Bundestag zur Kanzlerin gew\u00e4hlt.<br \/>\nSie ist die erste Frau in der Geschichte Deutschlands, die dieses Amt bekleidet.<\/li>\n<li>Das Jahr der Naturkatastrophen:<br \/>\nHurrikans Katrina und Co. w\u00fcten von August bis Oktober in Amerika.<br \/>\n\u00dcber 3000 Menschen verlieren ihr Leben, schwere Sch\u00e4den werden angerichtet.<br \/>\nAm 8. Oktober, t\u00f6tet ein Erdbeben mit der St\u00e4rke 7,6 in Pakistan<br \/>\netwa 87.000 Menschen, in Indien mehr als 1000 Menschen.<br \/>\nRund 69.000 Menschen werden verletzt, mehr als drei Millionen Menschen<br \/>\nobdachlos.<\/li>\n<li>j\u00e4hrliches Sommerfest im Dorf<\/li>\n<\/ul>\n","protected":false},"excerpt":{"rendered":"<p>Pr\u00e4gnante Ereignisse des Jahres im \u00dcberblick: Nach einem Pontifikat von beinahe 27 Jahren starb am 2. April der 84-j\u00e4hrige Papst Johannes Paul II. Kardinal Joseph Ratzinger, geb\u00fcrtig aus dem oberbayerischen Marktl, wurde vom Konklave zum Nachfolger des polnischen Papstes gew\u00e4hlt. &hellip; <a href=\"https:\/\/niederwennerscheid.de\/?page_id=7117\">Weiterlesen <span class=\"meta-nav\">&rarr;<\/span><\/a><\/p>\n","protected":false},"author":5,"featured_media":0,"parent":0,"menu_order":0,"comment_status":"closed","ping_status":"closed","template":"","meta":{"_crdt_document":"","ngg_post_thumbnail":0,"footnotes":""},"class_list":["post-7117","page","type-page","status-publish","hentry"],"_links":{"self":[{"href":"https:\/\/niederwennerscheid.de\/index.php?rest_route=\/wp\/v2\/pages\/7117","targetHints":{"allow":["GET"]}}],"collection":[{"href":"https:\/\/niederwennerscheid.de\/index.php?rest_route=\/wp\/v2\/pages"}],"about":[{"href":"https:\/\/niederwennerscheid.de\/index.php?rest_route=\/wp\/v2\/types\/page"}],"author":[{"embeddable":true,"href":"https:\/\/niederwennerscheid.de\/index.php?rest_route=\/wp\/v2\/users\/5"}],"replies":[{"embeddable":true,"href":"https:\/\/niederwennerscheid.de\/index.php?rest_route=%2Fwp%2Fv2%2Fcomments&post=7117"}],"version-history":[{"count":8,"href":"https:\/\/niederwennerscheid.de\/index.php?rest_route=\/wp\/v2\/pages\/7117\/revisions"}],"predecessor-version":[{"id":11753,"href":"https:\/\/niederwennerscheid.de\/index.php?rest_route=\/wp\/v2\/pages\/7117\/revisions\/11753"}],"wp:attachment":[{"href":"https:\/\/niederwennerscheid.de\/index.php?rest_route=%2Fwp%2Fv2%2Fmedia&parent=7117"}],"curies":[{"name":"wp","href":"https:\/\/api.w.org\/{rel}","templated":true}]}}