{"id":7066,"date":"2018-12-18T20:51:36","date_gmt":"2018-12-18T20:51:36","guid":{"rendered":"http:\/\/niederwennerscheid.de\/?page_id=7066"},"modified":"2022-08-11T11:24:15","modified_gmt":"2022-08-11T11:24:15","slug":"2007-3","status":"publish","type":"page","link":"https:\/\/niederwennerscheid.de\/?page_id=7066","title":{"rendered":"2007 \/ Jahresr\u00fcckblick"},"content":{"rendered":"<div class=\"entry-content\">\n<div class=\"entry-content\">\n<div class=\"entry-content\">\n<h4 class=\"content__headline content-padding\"><span style=\"color: #ff6600;\">Pr\u00e4gnante Ereignisse des Jahres im \u00dcberblick:<\/span><\/h4>\n<ul>\n<li>Frankreichs neues Staatsoberhaupt hei\u00dft Nicolas Sarkozy.<\/li>\n<li>Orkan \u201eKyrill\u201c tobt \u00fcber weiten Teilen Europas und richtet enorme Sch\u00e4den an.<br \/>\n34 Menschen wurden Opfer dieses schweren Sturms. Ein Sachschaden von<br \/>\nungef\u00e4hr 8 Milliarden Euro entstand allein in Deutschland.<\/li>\n<li>Der Eisb\u00e4r Knut erblickte im Berliner Zoo das Licht der Welt und sorgte<br \/>\nfortan daf\u00fcr, dass sich pl\u00f6tzlich viele Menschen mit dem schrumpfenden<br \/>\nLebensraum seiner Gattung in der Arktis auseinandersetzten.<\/li>\n<li><b>Was war das Wort des Jahres 2007:<\/b> Klimakatastrophe<\/li>\n<li>Unwort des Jahres 2007: Herdpr\u00e4mie<\/li>\n<li>j\u00e4hrliches Sommerfest<\/li>\n<\/ul>\n<\/div>\n<\/div>\n<\/div>\n","protected":false},"excerpt":{"rendered":"<p>Pr\u00e4gnante Ereignisse des Jahres im \u00dcberblick: Frankreichs neues Staatsoberhaupt hei\u00dft Nicolas Sarkozy. Orkan \u201eKyrill\u201c tobt \u00fcber weiten Teilen Europas und richtet enorme Sch\u00e4den an. 34 Menschen wurden Opfer dieses schweren Sturms. Ein Sachschaden von ungef\u00e4hr 8 Milliarden Euro entstand allein &hellip; <a href=\"https:\/\/niederwennerscheid.de\/?page_id=7066\">Weiterlesen <span class=\"meta-nav\">&rarr;<\/span><\/a><\/p>\n","protected":false},"author":5,"featured_media":0,"parent":0,"menu_order":0,"comment_status":"closed","ping_status":"closed","template":"","meta":{"_crdt_document":"","ngg_post_thumbnail":0,"footnotes":""},"class_list":["post-7066","page","type-page","status-publish","hentry"],"_links":{"self":[{"href":"https:\/\/niederwennerscheid.de\/index.php?rest_route=\/wp\/v2\/pages\/7066","targetHints":{"allow":["GET"]}}],"collection":[{"href":"https:\/\/niederwennerscheid.de\/index.php?rest_route=\/wp\/v2\/pages"}],"about":[{"href":"https:\/\/niederwennerscheid.de\/index.php?rest_route=\/wp\/v2\/types\/page"}],"author":[{"embeddable":true,"href":"https:\/\/niederwennerscheid.de\/index.php?rest_route=\/wp\/v2\/users\/5"}],"replies":[{"embeddable":true,"href":"https:\/\/niederwennerscheid.de\/index.php?rest_route=%2Fwp%2Fv2%2Fcomments&post=7066"}],"version-history":[{"count":9,"href":"https:\/\/niederwennerscheid.de\/index.php?rest_route=\/wp\/v2\/pages\/7066\/revisions"}],"predecessor-version":[{"id":11754,"href":"https:\/\/niederwennerscheid.de\/index.php?rest_route=\/wp\/v2\/pages\/7066\/revisions\/11754"}],"wp:attachment":[{"href":"https:\/\/niederwennerscheid.de\/index.php?rest_route=%2Fwp%2Fv2%2Fmedia&parent=7066"}],"curies":[{"name":"wp","href":"https:\/\/api.w.org\/{rel}","templated":true}]}}