{"id":6147,"date":"2018-09-10T17:30:30","date_gmt":"2018-09-10T17:30:30","guid":{"rendered":"http:\/\/niederwennerscheid.de\/?page_id=6147"},"modified":"2022-08-11T11:25:16","modified_gmt":"2022-08-11T11:25:16","slug":"2013-2","status":"publish","type":"page","link":"https:\/\/niederwennerscheid.de\/?page_id=6147","title":{"rendered":"2013 \/ Jahresr\u00fcckblick"},"content":{"rendered":"<h4 class=\"content__headline content-padding\"><span style=\"color: #ff6600;\">Pr\u00e4gnante Ereignisse des Jahres im \u00dcberblick:<\/span><\/h4>\n<ul>\n<li>Der Whistleblower Edward Snowden enth\u00fcllt u.&nbsp;a. das \u00dcberwachungsprogramm PRISM und l\u00f6st damit eine \u00dcberwachungs- und Spionageaff\u00e4re aus<\/li>\n<li>Papst Benedikt XVI. verzichtet als erster Papst seit \u00fcber 700 Jahren auf sein Amt; zu seinem Nachfolger wird mit Papst Franziskus erstmals ein Lateinamerikaner gew\u00e4hlt<\/li>\n<li>Abschied von Nelson Mandela<\/li>\n<li>Attentat auf den Boston Marathon<\/li>\n<li>Bayern M\u00fcnchen holt das Triple (Meister, Pokal und Champions League)<\/li>\n<li>Trauer um Kabarettisten Dieter Hildebrandt<\/li>\n<\/ul>\n","protected":false},"excerpt":{"rendered":"<p>Pr\u00e4gnante Ereignisse des Jahres im \u00dcberblick: Der Whistleblower Edward Snowden enth\u00fcllt u.&nbsp;a. das \u00dcberwachungsprogramm PRISM und l\u00f6st damit eine \u00dcberwachungs- und Spionageaff\u00e4re aus Papst Benedikt XVI. verzichtet als erster Papst seit \u00fcber 700 Jahren auf sein Amt; zu seinem Nachfolger &hellip; <a href=\"https:\/\/niederwennerscheid.de\/?page_id=6147\">Weiterlesen <span class=\"meta-nav\">&rarr;<\/span><\/a><\/p>\n","protected":false},"author":5,"featured_media":0,"parent":0,"menu_order":0,"comment_status":"closed","ping_status":"closed","template":"","meta":{"_crdt_document":"","ngg_post_thumbnail":0,"footnotes":""},"class_list":["post-6147","page","type-page","status-publish","hentry"],"_links":{"self":[{"href":"https:\/\/niederwennerscheid.de\/index.php?rest_route=\/wp\/v2\/pages\/6147","targetHints":{"allow":["GET"]}}],"collection":[{"href":"https:\/\/niederwennerscheid.de\/index.php?rest_route=\/wp\/v2\/pages"}],"about":[{"href":"https:\/\/niederwennerscheid.de\/index.php?rest_route=\/wp\/v2\/types\/page"}],"author":[{"embeddable":true,"href":"https:\/\/niederwennerscheid.de\/index.php?rest_route=\/wp\/v2\/users\/5"}],"replies":[{"embeddable":true,"href":"https:\/\/niederwennerscheid.de\/index.php?rest_route=%2Fwp%2Fv2%2Fcomments&post=6147"}],"version-history":[{"count":5,"href":"https:\/\/niederwennerscheid.de\/index.php?rest_route=\/wp\/v2\/pages\/6147\/revisions"}],"predecessor-version":[{"id":11758,"href":"https:\/\/niederwennerscheid.de\/index.php?rest_route=\/wp\/v2\/pages\/6147\/revisions\/11758"}],"wp:attachment":[{"href":"https:\/\/niederwennerscheid.de\/index.php?rest_route=%2Fwp%2Fv2%2Fmedia&parent=6147"}],"curies":[{"name":"wp","href":"https:\/\/api.w.org\/{rel}","templated":true}]}}