{"id":6079,"date":"2018-09-08T17:00:14","date_gmt":"2018-09-08T17:00:14","guid":{"rendered":"http:\/\/niederwennerscheid.de\/?page_id=6079"},"modified":"2022-08-11T11:25:43","modified_gmt":"2022-08-11T11:25:43","slug":"2015-3","status":"publish","type":"page","link":"https:\/\/niederwennerscheid.de\/?page_id=6079","title":{"rendered":"2015 \/ Jahresr\u00fcckblick"},"content":{"rendered":"<div class=\"entry-content\">\n<h4 class=\"content__headline content-padding\"><span style=\"color: #ff6600;\">Pr\u00e4gnante Ereignisse des Jahres im \u00dcberblick:<\/span><\/h4>\n<ul>\n<li>Anschlag auf Charlie Hebdo &#8211; 17 Menschen werden ermordet<\/li>\n<li>G\u00fcnter Grass stirbt in L\u00fcbeck<\/li>\n<li>Griechenland bedient seine Schulden nicht<\/li>\n<li>Abgasskandal bei VW<\/li>\n<li>Abschied von Helmut Schmidt<\/li>\n<li>Anschlag auf Pariser Nachtclub Bataclan sowie auf G\u00e4ste in Restaurants<span style=\"color: #ff6600;\"><br \/>\n<\/span><\/li>\n<li>Angrillen Gr\u00fcndonnerstag auf &#8222;Wennersch Art&#8220;<\/li>\n<li>Dorfausflug zur Siegf\u00e4hre<\/li>\n<li>Sommerfest<\/li>\n<\/ul>\n<\/div>\n<p>&nbsp;<\/p>\n","protected":false},"excerpt":{"rendered":"<p>Pr\u00e4gnante Ereignisse des Jahres im \u00dcberblick: Anschlag auf Charlie Hebdo &#8211; 17 Menschen werden ermordet G\u00fcnter Grass stirbt in L\u00fcbeck Griechenland bedient seine Schulden nicht Abgasskandal bei VW Abschied von Helmut Schmidt Anschlag auf Pariser Nachtclub Bataclan sowie auf G\u00e4ste &hellip; <a href=\"https:\/\/niederwennerscheid.de\/?page_id=6079\">Weiterlesen <span class=\"meta-nav\">&rarr;<\/span><\/a><\/p>\n","protected":false},"author":5,"featured_media":0,"parent":0,"menu_order":0,"comment_status":"closed","ping_status":"closed","template":"","meta":{"_crdt_document":"","ngg_post_thumbnail":0,"footnotes":""},"class_list":["post-6079","page","type-page","status-publish","hentry"],"_links":{"self":[{"href":"https:\/\/niederwennerscheid.de\/index.php?rest_route=\/wp\/v2\/pages\/6079","targetHints":{"allow":["GET"]}}],"collection":[{"href":"https:\/\/niederwennerscheid.de\/index.php?rest_route=\/wp\/v2\/pages"}],"about":[{"href":"https:\/\/niederwennerscheid.de\/index.php?rest_route=\/wp\/v2\/types\/page"}],"author":[{"embeddable":true,"href":"https:\/\/niederwennerscheid.de\/index.php?rest_route=\/wp\/v2\/users\/5"}],"replies":[{"embeddable":true,"href":"https:\/\/niederwennerscheid.de\/index.php?rest_route=%2Fwp%2Fv2%2Fcomments&post=6079"}],"version-history":[{"count":7,"href":"https:\/\/niederwennerscheid.de\/index.php?rest_route=\/wp\/v2\/pages\/6079\/revisions"}],"predecessor-version":[{"id":11760,"href":"https:\/\/niederwennerscheid.de\/index.php?rest_route=\/wp\/v2\/pages\/6079\/revisions\/11760"}],"wp:attachment":[{"href":"https:\/\/niederwennerscheid.de\/index.php?rest_route=%2Fwp%2Fv2%2Fmedia&parent=6079"}],"curies":[{"name":"wp","href":"https:\/\/api.w.org\/{rel}","templated":true}]}}