{"id":3693,"date":"2018-09-03T20:29:17","date_gmt":"2018-09-03T20:29:17","guid":{"rendered":"http:\/\/niederwennerscheid.de\/?page_id=3693"},"modified":"2022-08-11T11:26:30","modified_gmt":"2022-08-11T11:26:30","slug":"2018-3","status":"publish","type":"page","link":"https:\/\/niederwennerscheid.de\/?page_id=3693","title":{"rendered":"2018 \/ Jahresr\u00fcckblick"},"content":{"rendered":"<h4 class=\"content__headline content-padding\"><span style=\"color: #ff6600;\">Pr\u00e4gnante Ereignisse des Jahres im \u00dcberblick:<\/span><\/h4>\n<ul>\n<li>Donald Trump bewohnt das Wei\u00dfe Haus, wenn er nicht gerade golfen ist<\/li>\n<li>Im Bundestag sitzt eine rechtsradikale Partei<\/li>\n<li>Die Europ\u00e4ische Union leidet unter Populisten und dem drohenden Austritt<br \/>\nGro\u00dfbritanniens.<\/li>\n<li>\n<div>EU verbietet Einwegplastik<\/div>\n<\/li>\n<li>\n<div>Astro-Alex begeistert die Deutschen f\u00fcr die Raumfahrt<\/div>\n<\/li>\n<li>Annegret Kramp-Karrenbauer zur neuen CDU Parteivorsitzenden gew\u00e4hlt<\/li>\n<li>\n<div>Statt Sommerm\u00e4rchen ein Winterm\u00e4rchen.<\/div>\n<div>\n<div>Die harten Jungs vom Eishockey. Niemand hatte bei den Olympischen Spielen in<br \/>\nS\u00fcdkorea diese unerfahrenen Kerle aus Deutschland auf der Rechnung.<br \/>\nDann spielten und k\u00e4mpften sie sich spektakul\u00e4r bis ins Endspiel und h\u00e4tten<br \/>\nbeinahe die favorisierten Russen geschlagen.<\/div>\n<\/div>\n<\/li>\n<li>Fu\u00dfball WM Russland bei uns im Dorf<\/li>\n<li>Sommerfest in Niederwennerscheid<\/li>\n<li>&#8230;&#8230;.<\/li>\n<\/ul>\n<h5>&nbsp;<\/h5>\n<h5><span style=\"color: #ff6600;\">&nbsp;<\/span><\/h5>\n","protected":false},"excerpt":{"rendered":"<p>Pr\u00e4gnante Ereignisse des Jahres im \u00dcberblick: Donald Trump bewohnt das Wei\u00dfe Haus, wenn er nicht gerade golfen ist Im Bundestag sitzt eine rechtsradikale Partei Die Europ\u00e4ische Union leidet unter Populisten und dem drohenden Austritt Gro\u00dfbritanniens. EU verbietet Einwegplastik Astro-Alex begeistert &hellip; <a href=\"https:\/\/niederwennerscheid.de\/?page_id=3693\">Weiterlesen <span class=\"meta-nav\">&rarr;<\/span><\/a><\/p>\n","protected":false},"author":5,"featured_media":0,"parent":0,"menu_order":0,"comment_status":"closed","ping_status":"closed","template":"","meta":{"_crdt_document":"","ngg_post_thumbnail":0,"footnotes":""},"class_list":["post-3693","page","type-page","status-publish","hentry"],"_links":{"self":[{"href":"https:\/\/niederwennerscheid.de\/index.php?rest_route=\/wp\/v2\/pages\/3693","targetHints":{"allow":["GET"]}}],"collection":[{"href":"https:\/\/niederwennerscheid.de\/index.php?rest_route=\/wp\/v2\/pages"}],"about":[{"href":"https:\/\/niederwennerscheid.de\/index.php?rest_route=\/wp\/v2\/types\/page"}],"author":[{"embeddable":true,"href":"https:\/\/niederwennerscheid.de\/index.php?rest_route=\/wp\/v2\/users\/5"}],"replies":[{"embeddable":true,"href":"https:\/\/niederwennerscheid.de\/index.php?rest_route=%2Fwp%2Fv2%2Fcomments&post=3693"}],"version-history":[{"count":10,"href":"https:\/\/niederwennerscheid.de\/index.php?rest_route=\/wp\/v2\/pages\/3693\/revisions"}],"predecessor-version":[{"id":11763,"href":"https:\/\/niederwennerscheid.de\/index.php?rest_route=\/wp\/v2\/pages\/3693\/revisions\/11763"}],"wp:attachment":[{"href":"https:\/\/niederwennerscheid.de\/index.php?rest_route=%2Fwp%2Fv2%2Fmedia&parent=3693"}],"curies":[{"name":"wp","href":"https:\/\/api.w.org\/{rel}","templated":true}]}}