{"id":3443,"date":"2018-08-24T13:54:11","date_gmt":"2018-08-24T13:54:11","guid":{"rendered":"http:\/\/niederwennerscheid.de\/?page_id=3443"},"modified":"2022-08-11T11:24:32","modified_gmt":"2022-08-11T11:24:32","slug":"2009-2","status":"publish","type":"page","link":"https:\/\/niederwennerscheid.de\/?page_id=3443","title":{"rendered":"2009 \/ Jahresr\u00fcckblick"},"content":{"rendered":"<div class=\"entry-content\">\n<div class=\"entry-content\">\n<h4 class=\"content__headline content-padding\"><span style=\"color: #ff6600;\">Pr\u00e4gnante Ereignisse des Jahres im \u00dcberblick:<\/span><\/h4>\n<ul>\n<li>Erster afroamerikanischer US Pr\u00e4sident Barack Obama vereidigt.<\/li>\n<li>In Deutschland kam es zu einer unerwarteten Folge der Bauarbeiten<br \/>\nbeim Ausbau der K\u00f6lner Stadtbahn. Dabei st\u00fcrzte das Haus zusammen,<br \/>\nin dem das Historische Stadtarchiv untergebracht war.<br \/>\nUnsch\u00e4tzbare Dokumente gingen unter den Tr\u00fcmmern verloren, bzw.<br \/>\nkonnten nur \u00fcber einen langen Zeitraum geborgen und entsprechend<br \/>\naufgearbeitet werden. Zwei Menschen kamen hierbei ums Leben.<\/li>\n<li>Michael Jackson unerwartet verstorben<\/li>\n<li><b>Wort des Jahres 2009:<\/b> Abwrackpr\u00e4mie<\/li>\n<li>Unwort des Jahres 2009: <b>B<\/b>etriebsratsverseucht<\/li>\n<li>Der VFL Wolfsburg gewann die deutsche Fu\u00dfballmeisterschaft<\/li>\n<li>Dorfwanderung nach Eischeid<\/li>\n<li>Garagenflohmarkt<\/li>\n<li>j\u00e4hrliches Sommerfest<\/li>\n<\/ul>\n<\/div>\n<\/div>\n","protected":false},"excerpt":{"rendered":"<p>Pr\u00e4gnante Ereignisse des Jahres im \u00dcberblick: Erster afroamerikanischer US Pr\u00e4sident Barack Obama vereidigt. In Deutschland kam es zu einer unerwarteten Folge der Bauarbeiten beim Ausbau der K\u00f6lner Stadtbahn. Dabei st\u00fcrzte das Haus zusammen, in dem das Historische Stadtarchiv untergebracht war. &hellip; <a href=\"https:\/\/niederwennerscheid.de\/?page_id=3443\">Weiterlesen <span class=\"meta-nav\">&rarr;<\/span><\/a><\/p>\n","protected":false},"author":5,"featured_media":0,"parent":0,"menu_order":0,"comment_status":"closed","ping_status":"closed","template":"","meta":{"_crdt_document":"","ngg_post_thumbnail":0,"footnotes":""},"class_list":["post-3443","page","type-page","status-publish","hentry"],"_links":{"self":[{"href":"https:\/\/niederwennerscheid.de\/index.php?rest_route=\/wp\/v2\/pages\/3443","targetHints":{"allow":["GET"]}}],"collection":[{"href":"https:\/\/niederwennerscheid.de\/index.php?rest_route=\/wp\/v2\/pages"}],"about":[{"href":"https:\/\/niederwennerscheid.de\/index.php?rest_route=\/wp\/v2\/types\/page"}],"author":[{"embeddable":true,"href":"https:\/\/niederwennerscheid.de\/index.php?rest_route=\/wp\/v2\/users\/5"}],"replies":[{"embeddable":true,"href":"https:\/\/niederwennerscheid.de\/index.php?rest_route=%2Fwp%2Fv2%2Fcomments&post=3443"}],"version-history":[{"count":10,"href":"https:\/\/niederwennerscheid.de\/index.php?rest_route=\/wp\/v2\/pages\/3443\/revisions"}],"predecessor-version":[{"id":11755,"href":"https:\/\/niederwennerscheid.de\/index.php?rest_route=\/wp\/v2\/pages\/3443\/revisions\/11755"}],"wp:attachment":[{"href":"https:\/\/niederwennerscheid.de\/index.php?rest_route=%2Fwp%2Fv2%2Fmedia&parent=3443"}],"curies":[{"name":"wp","href":"https:\/\/api.w.org\/{rel}","templated":true}]}}