{"id":3437,"date":"2018-08-24T13:48:02","date_gmt":"2018-08-24T13:48:02","guid":{"rendered":"http:\/\/niederwennerscheid.de\/?page_id=3437"},"modified":"2022-08-11T11:24:48","modified_gmt":"2022-08-11T11:24:48","slug":"2010-2","status":"publish","type":"page","link":"https:\/\/niederwennerscheid.de\/?page_id=3437","title":{"rendered":"2010 \/ Jahresr\u00fcckblick"},"content":{"rendered":"<div class=\"entry-content\">\n<h4 class=\"content__headline content-padding\"><span style=\"color: #ff6600;\">Pr\u00e4gnante Ereignisse des Jahres im \u00dcberblick:<\/span><\/h4>\n<ul>\n<li>Massenpanik bei Loveparade in Duisburg. Dabei kamen mehr als 20 Menschen<br \/>\nums Leben und mehr als 500 Menschen erlitten Verletzungen.<\/li>\n<li>Die \u00d6lplattform Deepwater Horizon des BP-Konzerns sank nach einer Explosion. Pro Minute entstr\u00f6mten dem Bohrloch 500 Liter \u00d6l, dass sich ins Meer ergoss.<\/li>\n<li>Deutschland feierte den j\u00fcngsten Formel-1-Weltmeister aller Zeiten:<br \/>\nSebastian Vettel. Der 23-j\u00e4hrige holte sich den Sieg beim Gro\u00dfen Preis von<br \/>\nAbu Dhabi.<\/li>\n<li>Die Erdbeben in Haiti, China und Chile, der Monsun, der weite Teile Pakistans<br \/>\n\u00fcberflutete, tausende Br\u00e4nde in Russland und Hochwasser im Ostteil<br \/>\nDeutschlands \u2013 insgesamt holte sich die Natur etwa 300.000 Menschenopfer.<\/li>\n<li>Wir feiern Karneval im Dorf<\/li>\n<li>traditionelles Sommerfest<\/li>\n<\/ul>\n<\/div>\n","protected":false},"excerpt":{"rendered":"<p>Pr\u00e4gnante Ereignisse des Jahres im \u00dcberblick: Massenpanik bei Loveparade in Duisburg. Dabei kamen mehr als 20 Menschen ums Leben und mehr als 500 Menschen erlitten Verletzungen. Die \u00d6lplattform Deepwater Horizon des BP-Konzerns sank nach einer Explosion. Pro Minute entstr\u00f6mten dem &hellip; <a href=\"https:\/\/niederwennerscheid.de\/?page_id=3437\">Weiterlesen <span class=\"meta-nav\">&rarr;<\/span><\/a><\/p>\n","protected":false},"author":5,"featured_media":0,"parent":0,"menu_order":0,"comment_status":"closed","ping_status":"closed","template":"","meta":{"_crdt_document":"","ngg_post_thumbnail":0,"footnotes":""},"class_list":["post-3437","page","type-page","status-publish","hentry"],"_links":{"self":[{"href":"https:\/\/niederwennerscheid.de\/index.php?rest_route=\/wp\/v2\/pages\/3437","targetHints":{"allow":["GET"]}}],"collection":[{"href":"https:\/\/niederwennerscheid.de\/index.php?rest_route=\/wp\/v2\/pages"}],"about":[{"href":"https:\/\/niederwennerscheid.de\/index.php?rest_route=\/wp\/v2\/types\/page"}],"author":[{"embeddable":true,"href":"https:\/\/niederwennerscheid.de\/index.php?rest_route=\/wp\/v2\/users\/5"}],"replies":[{"embeddable":true,"href":"https:\/\/niederwennerscheid.de\/index.php?rest_route=%2Fwp%2Fv2%2Fcomments&post=3437"}],"version-history":[{"count":7,"href":"https:\/\/niederwennerscheid.de\/index.php?rest_route=\/wp\/v2\/pages\/3437\/revisions"}],"predecessor-version":[{"id":11756,"href":"https:\/\/niederwennerscheid.de\/index.php?rest_route=\/wp\/v2\/pages\/3437\/revisions\/11756"}],"wp:attachment":[{"href":"https:\/\/niederwennerscheid.de\/index.php?rest_route=%2Fwp%2Fv2%2Fmedia&parent=3437"}],"curies":[{"name":"wp","href":"https:\/\/api.w.org\/{rel}","templated":true}]}}