{"id":3431,"date":"2018-08-24T13:45:41","date_gmt":"2018-08-24T13:45:41","guid":{"rendered":"http:\/\/niederwennerscheid.de\/?page_id=3431"},"modified":"2022-08-11T11:25:03","modified_gmt":"2022-08-11T11:25:03","slug":"2011-2","status":"publish","type":"page","link":"https:\/\/niederwennerscheid.de\/?page_id=3431","title":{"rendered":"2011 \/ Jahresr\u00fcckblick"},"content":{"rendered":"<div class=\"entry-content\">\n<h4 class=\"content__headline content-padding\"><span style=\"color: #ff6600;\">Pr\u00e4gnante Ereignisse des Jahres im \u00dcberblick:<\/span><\/h4>\n<ul>\n<li>Beginn des &#8222;Arabischen Fr\u00fchlings&#8220;. Ausgehend von der Revolution in Tunesien<br \/>\nrichteten sich Proteste, Aufst\u00e4nde und Revolutionen in der arabischen Welt in<br \/>\nmehreren Staaten im Nahen Osten und in Nordafrika gegen die dort autorit\u00e4r<br \/>\nherrschenden Regime und die politischen und sozialen Strukturen dieser L\u00e4nder<\/li>\n<li>Japan unter Schock. Nach Erdbeben der St\u00e4rke 9,0 und Tsunamifluten betrauern Japan und die Welt tausende Todesopfer. Im Atomkraftwerk Fukushima<br \/>\nkommt es zur Katastrophe.<\/li>\n<li>Elisabeth Taylor stirbt 79-j\u00e4hrig in Los Angeles<\/li>\n<li>Osama Bin Laden wird durch Spezialkr\u00e4fte der USA aufgesp\u00fcrt und get\u00f6tet.<\/li>\n<li>Dirk Novitzki gewinnt als erster Deutscher mit den Dallas Mavericks die<br \/>\nNBA Meisterschaft<\/li>\n<li>Attentat in Norwegen. Attent\u00e4ter Breivik t\u00f6tet in Oslo und auf der Insel Utoya 77 Menschen, zumeist Jugendliche.<\/li>\n<li>Soul S\u00e4ngerin Amy Winehouse stirbt in London mit 27 Jahren an einer<br \/>\nAlkoholvergiftung<\/li>\n<li>Tsch\u00fc\u00df Loriot. Der gr\u00f6\u00dfte deutsche Humorist verl\u00e4sst die B\u00fchne des Lebens<\/li>\n<li>Maifest in Kittys Saloon<\/li>\n<li>j\u00e4hrliches Sommerfest<\/li>\n<\/ul>\n<\/div>\n","protected":false},"excerpt":{"rendered":"<p>Pr\u00e4gnante Ereignisse des Jahres im \u00dcberblick: Beginn des &#8222;Arabischen Fr\u00fchlings&#8220;. Ausgehend von der Revolution in Tunesien richteten sich Proteste, Aufst\u00e4nde und Revolutionen in der arabischen Welt in mehreren Staaten im Nahen Osten und in Nordafrika gegen die dort autorit\u00e4r herrschenden &hellip; <a href=\"https:\/\/niederwennerscheid.de\/?page_id=3431\">Weiterlesen <span class=\"meta-nav\">&rarr;<\/span><\/a><\/p>\n","protected":false},"author":5,"featured_media":0,"parent":0,"menu_order":0,"comment_status":"closed","ping_status":"closed","template":"","meta":{"_crdt_document":"","ngg_post_thumbnail":0,"footnotes":""},"class_list":["post-3431","page","type-page","status-publish","hentry"],"_links":{"self":[{"href":"https:\/\/niederwennerscheid.de\/index.php?rest_route=\/wp\/v2\/pages\/3431","targetHints":{"allow":["GET"]}}],"collection":[{"href":"https:\/\/niederwennerscheid.de\/index.php?rest_route=\/wp\/v2\/pages"}],"about":[{"href":"https:\/\/niederwennerscheid.de\/index.php?rest_route=\/wp\/v2\/types\/page"}],"author":[{"embeddable":true,"href":"https:\/\/niederwennerscheid.de\/index.php?rest_route=\/wp\/v2\/users\/5"}],"replies":[{"embeddable":true,"href":"https:\/\/niederwennerscheid.de\/index.php?rest_route=%2Fwp%2Fv2%2Fcomments&post=3431"}],"version-history":[{"count":7,"href":"https:\/\/niederwennerscheid.de\/index.php?rest_route=\/wp\/v2\/pages\/3431\/revisions"}],"predecessor-version":[{"id":11757,"href":"https:\/\/niederwennerscheid.de\/index.php?rest_route=\/wp\/v2\/pages\/3431\/revisions\/11757"}],"wp:attachment":[{"href":"https:\/\/niederwennerscheid.de\/index.php?rest_route=%2Fwp%2Fv2%2Fmedia&parent=3431"}],"curies":[{"name":"wp","href":"https:\/\/api.w.org\/{rel}","templated":true}]}}