{"id":33,"date":"2013-10-16T14:18:34","date_gmt":"2013-10-16T14:18:34","guid":{"rendered":"http:\/\/neuronensplitter.niederwennerscheid.de\/?page_id=33"},"modified":"2022-10-22T11:52:52","modified_gmt":"2022-10-22T11:52:52","slug":"impressum","status":"publish","type":"page","link":"https:\/\/niederwennerscheid.de\/?page_id=33","title":{"rendered":"Impressum"},"content":{"rendered":"<h4>Angaben gem\u00e4\u00df \u00a7 5 TMG:<\/h4>\n<p>B\u00fcrgerverein Niederwennerscheid. e.V<br \/>\n<strong>Registereintrag:<\/strong><br \/>\nAmtsgericht Siegburg<br \/>\nRegisternummer: VR 2011<\/p>\n<p><strong>Kontaktdaten<\/strong>:<br \/>\nEva Isay, Vorsitzende<br \/>\nAnschrift: Busch\u00f6hrchen 11a<br \/>\n53819 Neunkirchen-Seelscheid<br \/>\nTelefon: 02247 913460<br \/>\nE-Mail: <a href=\"mailto:isay@gmx.de\">isay@gmx.de<\/a><\/p>\n<p><strong>Niederwennerscheid.de ist ein privat betriebenes, nicht kommerzielles<\/strong><br \/>\n<strong>Internetangebot. <\/strong><strong>Gewerbliche Absichten werden nicht verfolgt.&nbsp;<br \/>\nDieses Internetangebot ist die <\/strong><strong>offizielle Webseite des<br \/>\n&#8222;B\u00fcrgerverein Niederwennerscheid e.V.&#8220; vertreten durch die<\/strong><br \/>\n<strong>Vorsitzende Eva Isay,&nbsp; Busch\u00f6hrchen 11a<br \/>\n53819 Neunkirchen-Seelscheid<br \/>\n<\/strong><\/p>\n<h4>Haftungsausschluss (Disclaimer)<\/h4>\n<p><strong>Haftung f\u00fcr Inhalte<\/strong><br \/>\nAls Diensteanbieter sind wir gem\u00e4\u00df \u00a7 7 Abs.1 TMG f\u00fcr eigene Inhalte auf diesen<br \/>\nSeiten nach den allgemeinen Gesetzen verantwortlich.<br \/>\nNach \u00a7\u00a7 8 bis 10 TMG sind wir als Diensteanbieter jedoch nicht verpflichtet,<br \/>\n\u00fcbermittelte oder gespeicherte fremde Informationen zu \u00fcberwachen oder nach<br \/>\nUmst\u00e4nden zu forschen, die auf eine rechtswidrige T\u00e4tigkeit hinweisen.<br \/>\nVerpflichtungen zur Entfernung oder Sperrung der Nutzung von Informationen<br \/>\nnach den allgemeinen Gesetzen bleiben hiervon unber\u00fchrt.<br \/>\nEine diesbez\u00fcgliche Haftung ist jedoch erst ab dem Zeitpunkt der Kenntnis einer<br \/>\nkonkreten Rechtsverletzung m\u00f6glich.<br \/>\nBei Bekanntwerden von entsprechenden Rechtsverletzungen werden wir diese<br \/>\nInhalte umgehend entfernen.<\/p>\n<p><strong>Haftung f\u00fcr Links<\/strong><br \/>\nUnser Angebot enth\u00e4lt Links zu externen Webseiten Dritter, auf deren Inhalte wir<br \/>\nkeinen Einfluss haben. Deshalb k\u00f6nnen wir f\u00fcr diese fremden Inhalte auch keine<br \/>\nGew\u00e4hr \u00fcbernehmen. F\u00fcr die Inhalte der verlinkten Seiten ist stets der jeweilige<br \/>\nAnbieter oder Betreiber der Seiten verantwortlich.<br \/>\nDie verlinkten Seiten wurden zum Zeitpunkt der Verlinkung auf m\u00f6gliche<br \/>\nRechtsverst\u00f6\u00dfe \u00fcberpr\u00fcft.<br \/>\nRechtswidrige Inhalte waren zum Zeitpunkt der Verlinkung nicht erkennbar.<br \/>\nEine permanente inhaltliche Kontrolle der verlinkten Seiten ist jedoch ohne<br \/>\nkonkrete Anhaltspunkte einer Rechtsverletzung nicht zumutbar.<br \/>\nBei Bekanntwerden von Rechtsverletzungen werden wir derartige Links umgehend<br \/>\nentfernen.<\/p>\n<p><strong>Urheberrecht<\/strong><br \/>\nDie durch die Seitenbetreiber erstellten Inhalte und Werke auf diesen Seiten<br \/>\nunterliegen dem deutschen Urheberrecht. Die Vervielf\u00e4ltigung, Bearbeitung,<br \/>\nVerbreitung und jede Art der Verwertung au\u00dferhalb der Grenzen des Urheberrechtes<br \/>\nbed\u00fcrfen der schriftlichen Zustimmung des jeweiligen Autors bzw. Erstellers.<br \/>\nDownloads und Kopien dieser Seite sind nur f\u00fcr den privaten, nicht kommerziellen<br \/>\nGebrauch gestattet. Soweit die Inhalte auf dieser Seite nicht vom Betreiber<br \/>\nerstellt wurden, werden die Urheberrechte Dritter beachtet.<br \/>\nInsbesondere werden Inhalte Dritter als solche gekennzeichnet.<br \/>\nSollten Sie trotzdem auf eine Urheberrechtsverletzung aufmerksam werden,<br \/>\nbitten wir um einen entsprechenden Hinweis.<br \/>\nBei Bekanntwerden von Rechtsverletzungen werden wir derartige Inhalte umgehend<br \/>\nentfernen.<\/p>\n<h1>Datenschutzerkl\u00e4rung<\/h1>\n<h2>1. Datenschutz auf<br \/>\nwww.niederwennerscheid.de<\/h2>\n<h3>Allgemeine Hinweise<\/h3>\n<p>Wir sind uns dar\u00fcber bewusst, dass Ihnen der Schutz Ihrer Privatsph\u00e4re bei der<br \/>\nBenutzung unserer Websites ein wichtiges Anliegen ist.<br \/>\nWir nehmen den Schutz Ihrer pers\u00f6nlichen Daten sehr ernst. Deshalb m\u00f6chten wir,<br \/>\ndass Sie wissen, wann wir welche Daten speichern und wie wir sie verwenden.<br \/>\nWir m\u00f6chten Sie mit dieser Datenschutzerkl\u00e4rung \u00fcber unsere Ma\u00dfnahmen zum<br \/>\nDatenschutz in Kenntnis setzen.<br \/>\nDie folgenden Hinweise geben einen einfachen \u00dcberblick dar\u00fcber,<br \/>\nwas mit Ihren personenbezogenen Daten passiert, wenn Sie unsere Website<br \/>\nbesuchen.<br \/>\nPersonenbezogene Daten sind alle Daten, mit denen Sie pers\u00f6nlich<br \/>\nidentifiziert werden k\u00f6nnen.<br \/>\nAusf\u00fchrliche Informationen zum Thema Datenschutz entnehmen Sie<br \/>\nunserer unter diesem Text aufgef\u00fchrten Datenschutzerkl\u00e4rung.<\/p>\n<h3>Datenerfassung auf unserer Website<\/h3>\n<p><strong>Wer ist verantwortlich f\u00fcr die Datenerfassung auf dieser Website?<br \/>\n<\/strong>Die Datenverarbeitung auf dieser Website erfolgt durch den Websitebetreiber.<br \/>\nDessen Kontaktdaten k\u00f6nnen Sie dem Impressum dieser Website entnehmen.<\/p>\n<p><strong>Wie erfassen wir Ihre Daten?<br \/>\n<\/strong>Ihre Daten werden zum einen dadurch erhoben, dass Sie uns diese mitteilen.<br \/>\nHierbei kann es sich z.B. um Daten handeln, die Sie in ein Kontaktformular eingeben.<\/p>\n<p>Andere Daten werden automatisch beim Besuch der Website durch unsere<br \/>\nIT-Systeme erfasst.<br \/>\nDas sind vor allem technische Daten (z.B. Internetbrowser, Betriebssystem oder<br \/>\nUhrzeit des Seitenaufrufs).<br \/>\nDie Erfassung dieser Daten erfolgt automatisch, sobald Sie unsere Website betreten.<\/p>\n<p><strong>Wof\u00fcr nutzen wir Ihre Daten?<br \/>\n<\/strong>Ein Teil der Daten wird erhoben, um eine fehlerfreie Bereitstellung der Website zu<br \/>\ngew\u00e4hrleisten. Andere Daten k\u00f6nnen zur Analyse Ihres Nutzerverhaltens verwendet werden.<\/p>\n<p><strong>Welche Rechte haben Sie bez\u00fcglich Ihrer Daten?<br \/>\n<\/strong>Sie haben jederzeit das Recht unentgeltlich Auskunft \u00fcber Herkunft, Empf\u00e4nger und<br \/>\nZweck Ihrer gespeicherten personenbezogenen Daten zu erhalten.<br \/>\nSie haben au\u00dferdem ein Recht, die Berichtigung, Sperrung oder L\u00f6schung dieser<br \/>\nDaten zu verlangen.<br \/>\nHierzu sowie zu weiteren Fragen zum Thema Datenschutz k\u00f6nnen Sie sich jederzeit<br \/>\nunter der im Impressum angegebenen Adresse an uns wenden.<br \/>\nDes Weiteren steht Ihnen ein Beschwerderecht bei der zust\u00e4ndigen Aufsichtsbeh\u00f6rde zu.<\/p>\n<p>Au\u00dferdem haben Sie das Recht, unter bestimmten Umst\u00e4nden die Einschr\u00e4nkung der Verarbeitung Ihrer personenbezogenen Daten<br \/>\nzu verlangen.<br \/>\nDetails hierzu entnehmen Sie der Datenschutzerkl\u00e4rung unter<br \/>\n\u201eRecht auf Einschr\u00e4nkung der Verarbeitung\u201c.<\/p>\n<h3>Analyse-Tools und Tools von<br \/>\nDrittanbietern<\/h3>\n<p>Beim Besuch unserer Website kann Ihr Surf-Verhalten statistisch ausgewertet<br \/>\nwerden. Das geschieht vor allem mit Cookies und mit sogenannten<br \/>\nAnalyseprogrammen.<br \/>\nDie Analyse Ihres Surf-Verhaltens erfolgt in der Regel anonym; das Surf-Verhalten<br \/>\nkann nicht zu Ihnen zur\u00fcckverfolgt werden.<br \/>\nSie k\u00f6nnen dieser Analyse widersprechen oder sie durch die Nichtbenutzung<br \/>\nbestimmter Tools verhindern.<br \/>\nDetaillierte Informationen dazu finden Sie in der folgenden Datenschutzerkl\u00e4rung.<\/p>\n<p>Sie k\u00f6nnen dieser Analyse widersprechen. \u00dcber die Widerspruchsm\u00f6glichkeiten<br \/>\nwerden wir Sie in dieser Datenschutzerkl\u00e4rung informieren.<\/p>\n<h2>2. Allgemeine Hinweise und<br \/>\nPflichtinformationen<\/h2>\n<h3>Datenschutz<\/h3>\n<p>Die Betreiber dieser Seiten nehmen den Schutz Ihrer pers\u00f6nlichen Daten sehr ernst.<br \/>\nWir behandeln Ihre personenbezogenen Daten vertraulich und entsprechend der<br \/>\ngesetzlichen Datenschutzvorschriften sowie dieser Datenschutzerkl\u00e4rung.<\/p>\n<p>Wenn Sie diese Website benutzen, werden verschiedene personenbezogene Daten<br \/>\nerhoben.<br \/>\nPersonenbezogene Daten sind Daten, mit denen Sie pers\u00f6nlich identifiziert werden<br \/>\nk\u00f6nnen.<br \/>\nDie vorliegende Datenschutzerkl\u00e4rung erl\u00e4utert, welche Daten wir erheben und<br \/>\nwof\u00fcr wir sie nutzen.<br \/>\nSie erl\u00e4utert auch, wie und zu welchem Zweck das geschieht.<br \/>\nWir weisen darauf hin, dass die Daten\u00fcbertragung im Internet (z.B. bei der<br \/>\nKommunikation per E-Mail) Sicherheitsl\u00fccken aufweisen kann.<br \/>\nEin l\u00fcckenloser Schutz der Daten vor dem Zugriff durch Dritte ist nicht m\u00f6glich.<\/p>\n<h3>Hinweis zur verantwortlichen Stelle<\/h3>\n<p>Die verantwortliche Stelle f\u00fcr die Datenverarbeitung auf dieser Website ist der<br \/>\nWebsitebetreiber.<br \/>\nDessen Kontaktdaten k\u00f6nnen Sie dem Impressum dieser Website entnehmen.<\/p>\n<p>Verantwortliche Stelle ist die nat\u00fcrliche oder juristische Person, die allein oder<br \/>\ngemeinsam mit anderen \u00fcber die Zwecke und Mittel der Verarbeitung von<br \/>\npersonenbezogenen Daten (z.B. Namen, E-Mail-Adressen o. \u00c4.) entscheidet.<\/p>\n<h3>Widerruf Ihrer Einwilligung zur<br \/>\nDatenverarbeitung<\/h3>\n<p>Viele Datenverarbeitungsvorg\u00e4nge sind nur mit Ihrer ausdr\u00fccklichen Einwilligung<br \/>\nm\u00f6glich.<br \/>\nSie k\u00f6nnen eine bereits erteilte Einwilligung jederzeit widerrufen.<br \/>\nDazu reicht eine formlose Mitteilung per E-Mail an uns.<br \/>\nDie Rechtm\u00e4\u00dfigkeit der bis zum Widerruf erfolgten Datenverarbeitung bleibt vom<br \/>\nWiderruf unber\u00fchrt.<\/p>\n<h3>Widerspruchsrecht gegen die<br \/>\nDatenerhebung<br \/>\nin besonderen F\u00e4llen sowie<br \/>\ngegen Direktwerbung (Art. 21 DSGVO)<\/h3>\n<p>Wenn die Datenverarbeitung auf Grundlage von Art. 6 Abs. 1 lit. e oder f DSGVO<br \/>\nerfolgt, haben Sie jederzeit das Recht,<br \/>\naus Gr\u00fcnden, die sich aus Ihrer besonderen Situation ergeben,<br \/>\ngegen die Verarbeitung Ihrer personenbezogenen Daten Widerspruch einzulegen;<br \/>\ndies gilt auch f\u00fcr ein auf diese Bestimmungen gest\u00fctztes Profiling.<br \/>\nDie jeweilige Rechtsgrundlage, auf denen eine Verarbeitung beruht,<br \/>\nentnehmen Sie dieser Datenschutzerkl\u00e4rung.<br \/>\nWenn Sie Widerspruch einlegen, werden wir Ihre betroffenen personenbezogenen Daten nicht mehr verarbeiten,<br \/>\nes sei denn, wir k\u00f6nnen zwingende schutzw\u00fcrdige Gr\u00fcnde f\u00fcr die Verarbeitung<br \/>\nnachweisen, die Ihre Interessen, Rechte und Freiheiten \u00fcberwiegen oder die<br \/>\nVerarbeitung dient der Geltendmachung,<br \/>\nAus\u00fcbung oder Verteidigung von Rechtsanspr\u00fcchen (Widerspruch<br \/>\nnach Art. 21 Abs. 1 DSGVO).<\/p>\n<p>Werden Ihre personenbezogenen Daten verarbeitet, um Direktwerbung zu<br \/>\nbetreiben, so haben Sie das Recht, jederzeit Widerspruch gegen die Verarbeitung<br \/>\nSie betreffender personenbezogener Daten zum Zwecke derartiger Werbung<br \/>\neinzulegen; dies gilt auch f\u00fcr das Profiling,<br \/>\nsoweit es mit solcher Direktwerbung in Verbindung steht.<br \/>\nWenn Sie widersprechen, werden Ihre personenbezogenen Daten anschlie\u00dfend<br \/>\nnicht mehr zum Zwecke der Direktwerbung verwendet<br \/>\n(Widerspruch nach Art. 21 Abs. 2 DSGVO).<\/p>\n<h3>Beschwerderecht bei der zust\u00e4ndigen<br \/>\nAufsichtsbeh\u00f6rde<\/h3>\n<p>Im Falle von Verst\u00f6\u00dfen gegen die DSGVO steht den Betroffenen ein Beschwerderecht bei einer Aufsichtsbeh\u00f6rde,<br \/>\ninsbesondere in dem Mitgliedstaat ihres gew\u00f6hnlichen Aufenthalts,<br \/>\nihres Arbeitsplatzes oder des Orts des mutma\u00dflichen Versto\u00dfes zu.<br \/>\nDas Beschwerderecht besteht unbeschadet anderweitiger verwaltungsrechtlicher<br \/>\noder gerichtlicher Rechtsbehelfe.<\/p>\n<h3>Recht auf Daten\u00fcbertragbarkeit<\/h3>\n<p>Sie haben das Recht, Daten, die wir auf Grundlage Ihrer Einwilligung oder in Erf\u00fcllung eines Vertrags automatisiert verarbeiten, an sich oder an einen Dritten in einem<br \/>\ng\u00e4ngigen, maschinenlesbaren Format aush\u00e4ndigen zu lassen.<br \/>\nSofern Sie die direkte \u00dcbertragung der Daten an einen anderen Verantwortlichen<br \/>\nverlangen, erfolgt dies nur, soweit es technisch machbar ist.<\/p>\n<h3>Auskunft, Sperrung, L\u00f6schung und<br \/>\nBerichtigung<\/h3>\n<p>Sie haben im Rahmen der geltenden gesetzlichen Bestimmungen jederzeit das Recht<br \/>\nauf unentgeltliche Auskunft \u00fcber Ihre gespeicherten personenbezogenen Daten,<br \/>\nderen Herkunft und Empf\u00e4nger und den Zweck der Datenverarbeitung und ggf. ein<br \/>\nRecht auf Berichtigung, Sperrung oder L\u00f6schung dieser Daten.<br \/>\nHierzu sowie zu weiteren Fragen zum Thema personenbezogene Daten k\u00f6nnen<br \/>\nSie sich jederzeit unter der im Impressum angegebenen Adresse an uns wenden.<\/p>\n<h3>Recht auf Einschr\u00e4nkung der Verarbeitung<\/h3>\n<p>Sie haben das Recht, die Einschr\u00e4nkung der Verarbeitung Ihrer personenbezogenen<br \/>\nDaten zu verlangen.<br \/>\nHierzu k\u00f6nnen Sie sich jederzeit unter der im Impressum angegebenen Adresse an uns wenden.<br \/>\nDas Recht auf Einschr\u00e4nkung der Verarbeitung besteht in folgenden F\u00e4llen:<\/p>\n<ul>\n<li>Wenn Sie die Richtigkeit Ihrer bei uns gespeicherten personenbezogenen Daten<br \/>\nbestreiten, ben\u00f6tigen wir in der Regel Zeit, um dies zu \u00fcberpr\u00fcfen.<br \/>\nF\u00fcr die Dauer der Pr\u00fcfung haben Sie das Recht, die Einschr\u00e4nkung der<br \/>\nVerarbeitung Ihrer personenbezogenen Daten zu verlangen.<\/li>\n<li>Wenn die Verarbeitung Ihrer personenbezogenen Daten unrechtm\u00e4\u00dfig<br \/>\ngeschah \/ geschieht, k\u00f6nnen Sie statt der L\u00f6schung die Einschr\u00e4nkung der<br \/>\nDatenverarbeitung verlangen.<\/li>\n<li>Wenn wir Ihre personenbezogenen Daten nicht mehr ben\u00f6tigen,<br \/>\nSie sie jedoch zur Aus\u00fcbung, Verteidigung oder Geltendmachung von<br \/>\nRechtsanspr\u00fcchen ben\u00f6tigen, haben Sie das Recht,<br \/>\nstatt der L\u00f6schung die Einschr\u00e4nkung der Verarbeitung Ihrer personenbezogenen Daten zu verlangen.<\/li>\n<li>Wenn Sie einen Widerspruch nach Art. 21 Abs. 1 DSGVO eingelegt haben,<br \/>\nmuss eine Abw\u00e4gung zwischen Ihren und unseren Interessen<br \/>\nvorgenommen werden.<br \/>\nSolange noch nicht feststeht, wessen Interessen \u00fcberwiegen,<br \/>\nhaben Sie das Recht, die Einschr\u00e4nkung der Verarbeitung<br \/>\nIhrer personenbezogenen Daten zu verlangen.<\/li>\n<\/ul>\n<p>Wenn Sie die Verarbeitung Ihrer personenbezogenen Daten eingeschr\u00e4nkt haben,<br \/>\nd\u00fcrfen diese Daten \u2013 von ihrer Speicherung abgesehen \u2013 nur mit Ihrer Einwilligung<br \/>\noder zur Geltendmachung, Aus\u00fcbung oder Verteidigung von Rechtsanspr\u00fcchen<br \/>\noder zum Schutz der Rechte einer anderen nat\u00fcrlichen oder juristischen Person<br \/>\noder aus Gr\u00fcnden eines wichtigen \u00f6ffentlichen Interesses der Europ\u00e4ischen Union<br \/>\noder eines Mitgliedstaats verarbeitet werden.<\/p>\n<h2>3. Datenerfassung auf unserer Website<\/h2>\n<h3>Cookies<\/h3>\n<p>Die Internetseiten verwenden teilweise so genannte Cookies. Cookies richten auf<br \/>\nIhrem Rechner keinen Schaden an und enthalten keine Viren.<br \/>\nCookies dienen dazu, unser Angebot nutzerfreundlicher, effektiver und<br \/>\nsicherer zu machen. Cookies sind kleine Textdateien,<br \/>\ndie auf Ihrem Rechner abgelegt werden und die Ihr Browser speichert.<\/p>\n<p>Die meisten der von uns verwendeten Cookies sind so genannte \u201cSession-Cookies\u201d.<br \/>\nSie werden nach Ende Ihres Besuchs automatisch gel\u00f6scht.<br \/>\nAndere Cookies bleiben auf Ihrem Endger\u00e4t gespeichert bis Sie diese l\u00f6schen.<br \/>\nDiese Cookies erm\u00f6glichen es uns, Ihren Browser beim n\u00e4chsten Besuch<br \/>\nwiederzuerkennen.<\/p>\n<p>Sie k\u00f6nnen Ihren Browser so einstellen, dass Sie \u00fcber das Setzen von Cookies<br \/>\ninformiert werden und Cookies nur im Einzelfall erlauben,<br \/>\ndie Annahme von Cookies f\u00fcr bestimmte F\u00e4lle oder generell<br \/>\nausschlie\u00dfen sowie das automatische L\u00f6schen der Cookies beim<br \/>\nSchlie\u00dfen des Browser aktivieren.<br \/>\nBei der Deaktivierung von Cookies kann die Funktionalit\u00e4t dieser Website<br \/>\neingeschr\u00e4nkt sein.<\/p>\n<p>Cookies, die zur Durchf\u00fchrung des elektronischen Kommunikationsvorgangs oder zur<br \/>\nBereitstellung bestimmter, von Ihnen erw\u00fcnschter Funktionen<br \/>\n(z.B. Warenkorbfunktion) erforderlich sind,<br \/>\nwerden auf Grundlage von Art. 6 Abs. 1 lit. f DSGVO gespeichert.<br \/>\nDer Websitebetreiber hat ein berechtigtes Interesse an der Speicherung von Cookies<br \/>\nzur technisch fehlerfreien und optimierten Bereitstellung seiner Dienste.<br \/>\nSoweit andere Cookies (z.B. Cookies zur Analyse Ihres Surfverhaltens)<br \/>\ngespeichert werden, werden diese in dieser Datenschutzerkl\u00e4rung gesondert<br \/>\nbehandelt.<\/p>\n<h3>Server-Log-Dateien<\/h3>\n<p>Der Provider der Seiten erhebt und speichert automatisch Informationen in so<br \/>\ngenannten Server-Log-Dateien, die Ihr Browser automatisch an uns \u00fcbermittelt.<br \/>\nDies sind:<\/p>\n<ul>\n<li>Browsertyp und Browserversion<\/li>\n<li>verwendetes Betriebssystem<\/li>\n<li>Referrer URL<\/li>\n<li>Hostname des zugreifenden Rechners<\/li>\n<li>Uhrzeit der Serveranfrage<\/li>\n<li>IP-Adresse<\/li>\n<\/ul>\n<p>Eine Zusammenf\u00fchrung dieser Daten mit anderen Datenquellen wird nicht<br \/>\nvorgenommen.<\/p>\n<p>Die Erfassung dieser Daten erfolgt auf Grundlage von Art. 6 Abs. 1 lit. f DSGVO.<br \/>\nDer Websitebetreiber hat ein berechtigtes Interesse an der technisch fehlerfreien<br \/>\nDarstellung und der Optimierung seiner Website<br \/>\n\u2013 hierzu m\u00fcssen die Server-Log-Files erfasst werden.<\/p>\n<p>Quelle: <a href=\"https:\/\/www.e-recht24.de\">https:\/\/www.e-recht24.de<\/a><\/p>\n","protected":false},"excerpt":{"rendered":"<p>Angaben gem\u00e4\u00df \u00a7 5 TMG: B\u00fcrgerverein Niederwennerscheid. e.V Registereintrag: Amtsgericht Siegburg Registernummer: VR 2011 Kontaktdaten: Eva Isay, Vorsitzende Anschrift: Busch\u00f6hrchen 11a 53819 Neunkirchen-Seelscheid Telefon: 02247 913460 E-Mail: isay@gmx.de Niederwennerscheid.de ist ein privat betriebenes, nicht kommerzielles Internetangebot. Gewerbliche Absichten werden nicht &hellip; <a href=\"https:\/\/niederwennerscheid.de\/?page_id=33\">Weiterlesen <span class=\"meta-nav\">&rarr;<\/span><\/a><\/p>\n","protected":false},"author":5,"featured_media":0,"parent":0,"menu_order":99,"comment_status":"closed","ping_status":"closed","template":"","meta":{"_crdt_document":"","ngg_post_thumbnail":0,"footnotes":""},"class_list":["post-33","page","type-page","status-publish","hentry"],"_links":{"self":[{"href":"https:\/\/niederwennerscheid.de\/index.php?rest_route=\/wp\/v2\/pages\/33","targetHints":{"allow":["GET"]}}],"collection":[{"href":"https:\/\/niederwennerscheid.de\/index.php?rest_route=\/wp\/v2\/pages"}],"about":[{"href":"https:\/\/niederwennerscheid.de\/index.php?rest_route=\/wp\/v2\/types\/page"}],"author":[{"embeddable":true,"href":"https:\/\/niederwennerscheid.de\/index.php?rest_route=\/wp\/v2\/users\/5"}],"replies":[{"embeddable":true,"href":"https:\/\/niederwennerscheid.de\/index.php?rest_route=%2Fwp%2Fv2%2Fcomments&post=33"}],"version-history":[{"count":62,"href":"https:\/\/niederwennerscheid.de\/index.php?rest_route=\/wp\/v2\/pages\/33\/revisions"}],"predecessor-version":[{"id":12052,"href":"https:\/\/niederwennerscheid.de\/index.php?rest_route=\/wp\/v2\/pages\/33\/revisions\/12052"}],"wp:attachment":[{"href":"https:\/\/niederwennerscheid.de\/index.php?rest_route=%2Fwp%2Fv2%2Fmedia&parent=33"}],"curies":[{"name":"wp","href":"https:\/\/api.w.org\/{rel}","templated":true}]}}