{"id":161,"date":"2014-07-06T17:42:29","date_gmt":"2014-07-06T17:42:29","guid":{"rendered":"http:\/\/neuronensplitter.niederwennerscheid.de\/?page_id=161"},"modified":"2023-08-30T15:29:58","modified_gmt":"2023-08-30T15:29:58","slug":"mitglied-werden","status":"publish","type":"page","link":"https:\/\/niederwennerscheid.de\/?page_id=161","title":{"rendered":"Mitglied werden"},"content":{"rendered":"<p><strong>ist ganz einfach &#8230;<\/strong><\/p>\n<ul>\n<li>Zun\u00e4chst f\u00fcllen Sie bitte das Beitrittsformular aus. Sie erhalten es entweder bei<br \/>\neinem der Vereinsmitglieder oder k\u00f6nnen es unter dem untenstehenden Link auf Ihre Festplatte herunterladen und ausf\u00fcllen.<\/li>\n<\/ul>\n<ul>\n<li>Das ausgef\u00fcllte Formular geben Sie bitte bei unserem Vorsitzenden ab<br \/>\n(Adresse siehe unter <a href=\"https:\/\/niederwennerscheid.de\/?page_id=3512\">Vorstand<\/a>).<\/li>\n<\/ul>\n<p>Das war&#8217;s.<br \/>\nKommen Sie doch einfach zu einem der n\u00e4chsten Treffen vorbei.<br \/>\nSobald Ihre Anmeldung bei uns eingegangen ist,<br \/>\nwerden wir aber auch Kontakt zu Ihnen aufnehmen.<\/p>\n<p><a href=\"https:\/\/niederwennerscheid.de\/wp-content\/uploads\/2023\/08\/Anmeldeformular-gueltig-ab-2023-08.pdf\"><span style=\"color: #ff0000;\">Anmeldeformular herunterladen<\/span><\/a><\/p>\n<h4><span style=\"color: #ff6600;\">Vereinsbeitr\u00e4ge pro Jahr<\/span><\/h4>\n<ul>\n<li>Erwachsene = 15 Euro<\/li>\n<li>Familienbeitrag = 30 Euro<\/li>\n<\/ul>\n","protected":false},"excerpt":{"rendered":"<p>ist ganz einfach &#8230; Zun\u00e4chst f\u00fcllen Sie bitte das Beitrittsformular aus. Sie erhalten es entweder bei einem der Vereinsmitglieder oder k\u00f6nnen es unter dem untenstehenden Link auf Ihre Festplatte herunterladen und ausf\u00fcllen. Das ausgef\u00fcllte Formular geben Sie bitte bei unserem &hellip; <a href=\"https:\/\/niederwennerscheid.de\/?page_id=161\">Weiterlesen <span class=\"meta-nav\">&rarr;<\/span><\/a><\/p>\n","protected":false},"author":5,"featured_media":0,"parent":0,"menu_order":0,"comment_status":"closed","ping_status":"open","template":"","meta":{"_crdt_document":"","ngg_post_thumbnail":0,"footnotes":""},"class_list":["post-161","page","type-page","status-publish","hentry"],"_links":{"self":[{"href":"https:\/\/niederwennerscheid.de\/index.php?rest_route=\/wp\/v2\/pages\/161","targetHints":{"allow":["GET"]}}],"collection":[{"href":"https:\/\/niederwennerscheid.de\/index.php?rest_route=\/wp\/v2\/pages"}],"about":[{"href":"https:\/\/niederwennerscheid.de\/index.php?rest_route=\/wp\/v2\/types\/page"}],"author":[{"embeddable":true,"href":"https:\/\/niederwennerscheid.de\/index.php?rest_route=\/wp\/v2\/users\/5"}],"replies":[{"embeddable":true,"href":"https:\/\/niederwennerscheid.de\/index.php?rest_route=%2Fwp%2Fv2%2Fcomments&post=161"}],"version-history":[{"count":30,"href":"https:\/\/niederwennerscheid.de\/index.php?rest_route=\/wp\/v2\/pages\/161\/revisions"}],"predecessor-version":[{"id":12544,"href":"https:\/\/niederwennerscheid.de\/index.php?rest_route=\/wp\/v2\/pages\/161\/revisions\/12544"}],"wp:attachment":[{"href":"https:\/\/niederwennerscheid.de\/index.php?rest_route=%2Fwp%2Fv2%2Fmedia&parent=161"}],"curies":[{"name":"wp","href":"https:\/\/api.w.org\/{rel}","templated":true}]}}