{"id":146,"date":"2014-07-06T16:20:37","date_gmt":"2014-07-06T16:20:37","guid":{"rendered":"http:\/\/neuronensplitter.niederwennerscheid.de\/?page_id=146"},"modified":"2024-01-05T10:07:06","modified_gmt":"2024-01-05T10:07:06","slug":"dorfverein","status":"publish","type":"page","link":"https:\/\/niederwennerscheid.de\/?page_id=146","title":{"rendered":"B\u00fcrgerverein"},"content":{"rendered":"<p>der \u201eB\u00fcrgerverein Niederwennerscheid e.V.\u201c, dessen Gr\u00fcndungssitzung am 03. Juli 1995 stattfand, ist ein Zusammenschluss von B\u00fcrgerinnen und B\u00fcrgern aus Niederwennerscheid, die sich gemeinsam das Wohl des Ortes sowie die Pflege des Brauchtums und der nachbarschaftlichen Kontakte zum Ziel gesetzt haben.<br \/>\nNach dem Motto \u201eEs gibt nichts Gutes, au\u00dfer man tut es\u201c wollen wir erreichen, dass &#8211; wo immer m\u00f6glich &#8211; Verbesserungen f\u00fcr Niederwennerscheid erreicht und die Interessen des Ortes z.B. gegen\u00fcber der Gemeinde vertreten werden.<br \/>\nDie nachbarschaftlichen Kontakte sind dabei immer von gro\u00dfer Bedeutung.<br \/>\nSo organisiert der Verein schon seit mehreren Jahren regelm\u00e4\u00dfig den Garagenflohmarkt, das Sommerfest und den Martinszug in Niederwennerscheid.<br \/>\nDie rege Beteiligung an diesen Festen ist f\u00fcr die Aktiven immer wieder eine Best\u00e4tigung, dass sich die Arbeit lohnt.<\/p>\n<h4><span style=\"color: #ff6600;\">Treffen<\/span><\/h4>\n<p>Die Mitglieder und Freunde des B\u00fcrgervereins, die sich aktiv am Vereinsgeschehen beteiligen wollen, treffen sich jeden ersten Donnerstag im Monat reihum bei einem der Beteiligten.<br \/>\nDie jeweiligen Termine und Treffpunkte werden am Anfang des Jahres festgelegt und laufend auf dieser Internetseite und im Schaukasten am Dorfplatz bekannt gegeben.<br \/>\nWer m\u00f6chte, kann sich in den E-Mail-Verteiler des B\u00fcrgervereins eintragen lassen und wird dann automatisch an die Treffen erinnert.<br \/>\nDie Treffen dienen nicht nur zur Besprechung der Vereinsaktivit\u00e4ten, sondern auch zum gem\u00fctlichen Beisammensein, Kl\u00f6nen und Kennenlernen.<br \/>\nWer also in Niederwennerscheid wohnt und sich gerne aktiv f\u00fcr Ort, Umfeld und Nachbarn einsetzen m\u00f6chte, ist herzlich eingeladen, einmal zwanglos bei einem der n\u00e4chsten Treffen vorbeizuschauen.<\/p>\n<h4><span style=\"color: #ff6600;\"> Mitgliedschaft im Verein<\/span><\/h4>\n<p>Die Mitgliedschaft im Verein ist kein Zwang. Wer zu den Treffen und Veranstaltungen des B\u00fcrgervereins kommen m\u00f6chte, muss nicht zwingend ein Mitglied des Vereins sein. Die Mitglieder des Vereins dr\u00fccken durch ihre Mitgliedschaft die Verbundenheit zum Verein aus und sind \u00fcberdies nat\u00fcrlich in \u00c4mter w\u00e4hlbar und stimmberechtigt, wenn \u00c4mter besetzt und Vereinsbeschl\u00fcsse gefasst werden.<br \/>\nWie f\u00fcr jeden eingetragenen Verein gelten auch f\u00fcr unseren B\u00fcrgerverein die Vorschriften des Vereinsgesetzes.<br \/>\nEs erfolgt also j\u00e4hrlich einmal eine Hauptversammlung mit Berichten des Vorstandes, Wahlen und anderen Formalit\u00e4ten.<br \/>\nDer Mitgliedsbeitrag betr\u00e4gt 15,- Euro im Jahr pro Person f\u00fcr Erwachsene.<br \/>\nEr wird jeweils in der letzten Aprilwoche des Jahres eingezogen.<br \/>\nDie Mittel werden nur f\u00fcr Zwecke gem\u00e4\u00df der Satzung des Vereins verwendet.<br \/>\nDas Beitrittsformular steht <a href=\"https:\/\/www.niederwennerscheid.de\/?page_id=161\">hier<\/a> zum Download bereit.<\/p>\n<h4><span style=\"color: #ff6600;\">Mitmachen lohnt sich<\/span><\/h4>\n<p>Ob Sie bereits Mitglied des B\u00fcrgervereins sind oder es noch werden wollen: Wir freuen uns \u00fcber jede(n), die\/der unsere Arbeit aktiv unterst\u00fctzt.<br \/>\nSicher w\u00e4re noch vieles m\u00f6glich, k\u00f6nnten noch mehr Aktivit\u00e4ten stattfinden.<br \/>\nDies ist jedoch immer die Frage des pers\u00f6nlichen Einsatzes.<br \/>\nAlso: Nehmen Sie es in die Hand und kommen Sie doch einmal bei uns vorbei.<br \/>\nMitmachen lohnt sich.<\/p>\n","protected":false},"excerpt":{"rendered":"<p>der \u201eB\u00fcrgerverein Niederwennerscheid e.V.\u201c, dessen Gr\u00fcndungssitzung am 03. Juli 1995 stattfand, ist ein Zusammenschluss von B\u00fcrgerinnen und B\u00fcrgern aus Niederwennerscheid, die sich gemeinsam das Wohl des Ortes sowie die Pflege des Brauchtums und der nachbarschaftlichen Kontakte zum Ziel gesetzt haben. &hellip; <a href=\"https:\/\/niederwennerscheid.de\/?page_id=146\">Weiterlesen <span class=\"meta-nav\">&rarr;<\/span><\/a><\/p>\n","protected":false},"author":5,"featured_media":0,"parent":0,"menu_order":0,"comment_status":"closed","ping_status":"open","template":"","meta":{"_crdt_document":"","ngg_post_thumbnail":0,"footnotes":""},"class_list":["post-146","page","type-page","status-publish","hentry"],"_links":{"self":[{"href":"https:\/\/niederwennerscheid.de\/index.php?rest_route=\/wp\/v2\/pages\/146","targetHints":{"allow":["GET"]}}],"collection":[{"href":"https:\/\/niederwennerscheid.de\/index.php?rest_route=\/wp\/v2\/pages"}],"about":[{"href":"https:\/\/niederwennerscheid.de\/index.php?rest_route=\/wp\/v2\/types\/page"}],"author":[{"embeddable":true,"href":"https:\/\/niederwennerscheid.de\/index.php?rest_route=\/wp\/v2\/users\/5"}],"replies":[{"embeddable":true,"href":"https:\/\/niederwennerscheid.de\/index.php?rest_route=%2Fwp%2Fv2%2Fcomments&post=146"}],"version-history":[{"count":20,"href":"https:\/\/niederwennerscheid.de\/index.php?rest_route=\/wp\/v2\/pages\/146\/revisions"}],"predecessor-version":[{"id":13149,"href":"https:\/\/niederwennerscheid.de\/index.php?rest_route=\/wp\/v2\/pages\/146\/revisions\/13149"}],"wp:attachment":[{"href":"https:\/\/niederwennerscheid.de\/index.php?rest_route=%2Fwp%2Fv2%2Fmedia&parent=146"}],"curies":[{"name":"wp","href":"https:\/\/api.w.org\/{rel}","templated":true}]}}