{"id":144,"date":"2014-07-06T16:20:24","date_gmt":"2014-07-06T16:20:24","guid":{"rendered":"http:\/\/neuronensplitter.niederwennerscheid.de\/?page_id=144"},"modified":"2024-11-10T09:34:17","modified_gmt":"2024-11-10T09:34:17","slug":"niederwennerscheid","status":"publish","type":"page","link":"https:\/\/niederwennerscheid.de\/?page_id=144","title":{"rendered":"Niederwennerscheid"},"content":{"rendered":"<p><a href=\"https:\/\/www.niederwennerscheid.de\/wp-content\/uploads\/2018\/09\/P1000717-e1538307911438.jpg\"><img loading=\"lazy\" decoding=\"async\" class=\"alignnone wp-image-6297\" src=\"https:\/\/www.niederwennerscheid.de\/wp-content\/uploads\/2018\/09\/P1000717-e1538307911438.jpg\" alt=\"\" width=\"529\" height=\"148\" srcset=\"https:\/\/niederwennerscheid.de\/wp-content\/uploads\/2018\/09\/P1000717-e1538307911438.jpg 1888w, https:\/\/niederwennerscheid.de\/wp-content\/uploads\/2018\/09\/P1000717-e1538307911438-300x83.jpg 300w, https:\/\/niederwennerscheid.de\/wp-content\/uploads\/2018\/09\/P1000717-e1538307911438-768x213.jpg 768w, https:\/\/niederwennerscheid.de\/wp-content\/uploads\/2018\/09\/P1000717-e1538307911438-1024x284.jpg 1024w\" sizes=\"auto, (max-width: 529px) 100vw, 529px\" \/><\/a><br \/>\nNiederwennerscheid liegt auf dem H\u00f6henr\u00fccken zwischen Wahnbach im Norden und dem ihm zuflie\u00dfenden Wendbach im S\u00fcden, einem 7 km langen Bach.&nbsp;<br \/>\nEr entspringt bei Much und m\u00fcndet westlich von Neunkirchen-Seelscheid kurz vor der Wahnbachtalsperre.<\/p>\n<p>Auf dem H\u00f6henr\u00fccken liegen die D\u00f6rfer Niederwennerscheid, Oberwennerscheid und S\u00f6ntgerath, die alle zur Gemeinde Neunkirchen-Seelscheid im Rhein-Sieg-Kreis (NRW) z\u00e4hlen.<br \/>\nDie Einwohnerzahl von Niederwennerscheid belief sich 2020 auf 440.<\/p>\n<p>Bei Niederwennerscheid findet sich die Herrenwieser M\u00fchle, um die herum sich<br \/>\nentlang des Wendbach eine etwa 2 ha gro\u00dfe Feuchtwiesenzone erstreckt.<br \/>\nDie Vegetation besitzt hier eine hohe Artenvielfalt, es finden sich z.B. Schachtelhalm. Brennesseln, Sumpfdotterblumen, Sumpf-Kratzdisteln sowie viele andere Kr\u00e4uter, Gr\u00e4ser und Staudenpflanzen.<\/p>\n<p><a href=\"https:\/\/www.niederwennerscheid.de\/wp-content\/uploads\/2018\/08\/Wennerscheid-im-Winter.png\"><img loading=\"lazy\" decoding=\"async\" class=\"alignnone wp-image-3601\" src=\"https:\/\/www.niederwennerscheid.de\/wp-content\/uploads\/2018\/08\/Wennerscheid-im-Winter.png\" alt=\"\" width=\"179\" height=\"102\" srcset=\"https:\/\/niederwennerscheid.de\/wp-content\/uploads\/2018\/08\/Wennerscheid-im-Winter.png 925w, https:\/\/niederwennerscheid.de\/wp-content\/uploads\/2018\/08\/Wennerscheid-im-Winter-300x169.png 300w, https:\/\/niederwennerscheid.de\/wp-content\/uploads\/2018\/08\/Wennerscheid-im-Winter-768x433.png 768w\" sizes=\"auto, (max-width: 179px) 100vw, 179px\" \/><\/a><a href=\"https:\/\/www.niederwennerscheid.de\/wp-content\/uploads\/2018\/08\/P1030239.jpg\"><img loading=\"lazy\" decoding=\"async\" class=\"alignnone wp-image-3524\" src=\"https:\/\/www.niederwennerscheid.de\/wp-content\/uploads\/2018\/08\/P1030239-e1535735895708-150x102.jpg\" alt=\"\" width=\"149\" height=\"102\"><\/a><a href=\"https:\/\/www.niederwennerscheid.de\/wp-content\/uploads\/2018\/08\/P1060013.jpg\"><img loading=\"lazy\" decoding=\"async\" class=\"alignnone wp-image-3529\" src=\"https:\/\/www.niederwennerscheid.de\/wp-content\/uploads\/2018\/08\/P1060013-e1535735984894-150x78.jpg\" alt=\"\" width=\"196\" height=\"103\"><\/a><\/p>\n<p>Dorfkreuz 1953 &nbsp; &nbsp; &nbsp; &nbsp; &nbsp; &nbsp; &nbsp;&nbsp; &nbsp; &nbsp; <span style=\"color: #000000;\"><a style=\"color: #000000;\" href=\"https:\/\/www.niederwennerscheid.de\/?p=6225\">Restauration 2015<\/a>&nbsp;&nbsp;&nbsp;&nbsp;&nbsp; Zeichnung von Maler Klaus P\u00e4kel 1994<\/span><br \/>\n<a href=\"https:\/\/www.niederwennerscheid.de\/wp-content\/uploads\/2018\/09\/Dorfkreuz-1953.png\"><img loading=\"lazy\" decoding=\"async\" class=\"alignnone wp-image-6222\" src=\"https:\/\/www.niederwennerscheid.de\/wp-content\/uploads\/2018\/09\/Dorfkreuz-1953.png\" alt=\"\" width=\"127\" height=\"181\" srcset=\"https:\/\/niederwennerscheid.de\/wp-content\/uploads\/2018\/09\/Dorfkreuz-1953.png 450w, https:\/\/niederwennerscheid.de\/wp-content\/uploads\/2018\/09\/Dorfkreuz-1953-210x300.png 210w\" sizes=\"auto, (max-width: 127px) 100vw, 127px\" \/>&nbsp;&nbsp; &nbsp;&nbsp; &nbsp;&nbsp; &nbsp; &nbsp; <\/a><a href=\"https:\/\/www.niederwennerscheid.de\/wp-content\/uploads\/2018\/09\/Dorfkreuz-neu-e1537114652899.png\"><img loading=\"lazy\" decoding=\"async\" class=\"alignnone wp-image-6275\" src=\"https:\/\/www.niederwennerscheid.de\/wp-content\/uploads\/2018\/09\/Dorfkreuz-neu-e1537114652899.png\" alt=\"\" width=\"94\" height=\"180\">&nbsp;&nbsp;&nbsp;&nbsp;&nbsp;&nbsp;&nbsp;&nbsp;&nbsp;&nbsp;&nbsp;<\/a><a href=\"https:\/\/www.niederwennerscheid.de\/wp-content\/uploads\/2018\/10\/P1000818-e1540907537840.jpg\"><img loading=\"lazy\" decoding=\"async\" class=\"alignnone wp-image-6560\" src=\"https:\/\/www.niederwennerscheid.de\/wp-content\/uploads\/2018\/10\/P1000818-e1540907537840.jpg\" alt=\"\" width=\"232\" height=\"163\" srcset=\"https:\/\/niederwennerscheid.de\/wp-content\/uploads\/2018\/10\/P1000818-e1540907537840.jpg 3950w, https:\/\/niederwennerscheid.de\/wp-content\/uploads\/2018\/10\/P1000818-e1540907537840-300x209.jpg 300w, https:\/\/niederwennerscheid.de\/wp-content\/uploads\/2018\/10\/P1000818-e1540907537840-768x535.jpg 768w, https:\/\/niederwennerscheid.de\/wp-content\/uploads\/2018\/10\/P1000818-e1540907537840-1024x713.jpg 1024w\" sizes=\"auto, (max-width: 232px) 100vw, 232px\" \/><\/a><\/p>\n<p>&nbsp;<\/p>\n<p><a class=\"ab-item\" href=\"https:\/\/www.niederwennerscheid.de\/\" aria-haspopup=\"true\">Niederwennerscheid.de<\/a><\/p>\n<p>&nbsp;<\/p>\n<p>&nbsp;<\/p>\n<p>&nbsp;<\/p>\n<p>&nbsp;<\/p>\n<p>&nbsp;<\/p>\n<p>&nbsp;<\/p>\n","protected":false},"excerpt":{"rendered":"<p>Niederwennerscheid liegt auf dem H\u00f6henr\u00fccken zwischen Wahnbach im Norden und dem ihm zuflie\u00dfenden Wendbach im S\u00fcden, einem 7 km langen Bach.&nbsp; Er entspringt bei Much und m\u00fcndet westlich von Neunkirchen-Seelscheid kurz vor der Wahnbachtalsperre. Auf dem H\u00f6henr\u00fccken liegen die D\u00f6rfer &hellip; <a href=\"https:\/\/niederwennerscheid.de\/?page_id=144\">Weiterlesen <span class=\"meta-nav\">&rarr;<\/span><\/a><\/p>\n","protected":false},"author":5,"featured_media":0,"parent":0,"menu_order":0,"comment_status":"closed","ping_status":"open","template":"","meta":{"_crdt_document":"","ngg_post_thumbnail":0,"footnotes":""},"class_list":["post-144","page","type-page","status-publish","hentry"],"_links":{"self":[{"href":"https:\/\/niederwennerscheid.de\/index.php?rest_route=\/wp\/v2\/pages\/144","targetHints":{"allow":["GET"]}}],"collection":[{"href":"https:\/\/niederwennerscheid.de\/index.php?rest_route=\/wp\/v2\/pages"}],"about":[{"href":"https:\/\/niederwennerscheid.de\/index.php?rest_route=\/wp\/v2\/types\/page"}],"author":[{"embeddable":true,"href":"https:\/\/niederwennerscheid.de\/index.php?rest_route=\/wp\/v2\/users\/5"}],"replies":[{"embeddable":true,"href":"https:\/\/niederwennerscheid.de\/index.php?rest_route=%2Fwp%2Fv2%2Fcomments&post=144"}],"version-history":[{"count":26,"href":"https:\/\/niederwennerscheid.de\/index.php?rest_route=\/wp\/v2\/pages\/144\/revisions"}],"predecessor-version":[{"id":13646,"href":"https:\/\/niederwennerscheid.de\/index.php?rest_route=\/wp\/v2\/pages\/144\/revisions\/13646"}],"wp:attachment":[{"href":"https:\/\/niederwennerscheid.de\/index.php?rest_route=%2Fwp%2Fv2%2Fmedia&parent=144"}],"curies":[{"name":"wp","href":"https:\/\/api.w.org\/{rel}","templated":true}]}}