{"id":12764,"date":"2023-12-18T16:16:52","date_gmt":"2023-12-18T16:16:52","guid":{"rendered":"https:\/\/niederwennerscheid.de\/?page_id=12764"},"modified":"2023-12-18T16:22:19","modified_gmt":"2023-12-18T16:22:19","slug":"der-anfang","status":"publish","type":"page","link":"https:\/\/niederwennerscheid.de\/?page_id=12764","title":{"rendered":"Der Anfang"},"content":{"rendered":"<p align=\"justify\"><span style=\"color: #000000;\"><span style=\"font-family: Arial Unicode MS, sans-serif;\"><span style=\"font-size: medium;\">Die LAG Region Bergisch-Sieg e.V. setzt Kleinf\u00f6rderprojekte in der Region &#8222;Vom Bergischen zur Sieg&#8220; um.<\/span><\/span><\/span><\/p>\n<p align=\"justify\"><span style=\"color: #000000;\"><span style=\"font-family: Arial Unicode MS, sans-serif;\"><span style=\"font-size: medium;\">Der B\u00fcrgerverein Niederwennerscheid e. V. bewarb sich im M\u00e4rz 2023 um eine F\u00f6rderung zum Umbau des Dorfplatzes. Es sollte ein Gartenhaus als Dorfgemeinschaftshaus auf dem Dorfplatz errichtet werden.<\/span><\/span><\/span><\/p>\n<p align=\"justify\"><span style=\"color: #000000;\"><span style=\"font-family: Arial Unicode MS, sans-serif;\"><span style=\"font-size: medium;\">Das Projekt umfasste folgende bauliche Ma\u00dfnahmen: <\/span><\/span><\/span><\/p>\n<p align=\"justify\"><span style=\"color: #000000;\"><span style=\"font-family: Arial Unicode MS, sans-serif;\"><span style=\"font-size: medium;\">Es sollte ein Gartenhaus (ca. 26 m\u00b2 gem. Grundrissplan) gekauft und aufgebaut werden. Das Dach, ein Pultdach sollte von einem Dachdecker gedeckt werden.<br \/>\nAufbau des Hauses, Malerarbeiten und Elektroinstallation sollten die Mitglieder des B\u00fcrgervereins in Eigenleistung durchf\u00fchren.<br \/>\nDer Holzfu\u00dfboden wurde selbst entworfen und aufgebaut und mit einem pflegeleichten PVC-Belag versehen. F\u00fcr die Innenausstattung sind B\u00e4nke und Tische geplant.<\/span><\/span><\/span><\/p>\n<p align=\"justify\"><span style=\"color: #000000;\"><span style=\"font-family: Arial Unicode MS, sans-serif;\"><span style=\"font-size: medium;\">Bisher konnte der Dorfplatz nur in der w\u00e4rmeren Jahreszeit bei sch\u00f6nem Wetter genutzt werden, mit dem Gartenhaus steht ein gro\u00dfer umschlossener Raum zur Verf\u00fcgung, der f\u00fcr die Treffen des B\u00fcrgervereins, der Singgruppe, Kaffeeklatsch und anderen Gruppen unabh\u00e4ngig vom Wetter genutzt werden kann. Des weiteren kann es bei den Veranstaltungen im Winter (St. Martin, 1. Advent, Ab-und Angrillen etc.) genutzt werden. Hier treffen sich nicht nur junge Eltern mit ihren Kindern sondern auch \u00e4ltere Generationen zum Kaffeeklatsch oder \u00c4hnlichem. An den Veranstaltungen nehmen Musikgruppen und Unterhaltungsk\u00fcnstler teil (Zauberer f\u00fcr Kinder). <\/span><\/span><\/span><\/p>\n<p><span style=\"color: #000000;\"><span style=\"font-family: Arial Unicode MS, sans-serif;\"><span style=\"font-size: medium;\">Grunds\u00e4tzlich erwartet der Verein durch das Projekt eine vermehrte Nutzung und intensivere Kommunikation unter den Dorfbewohnern. <\/span><\/span><\/span><\/p>\n<p><span style=\"color: #000000;\"><span style=\"font-family: Arial Unicode MS, sans-serif;\"><span style=\"font-size: medium;\">Insgesamt wird das ehrenamtliche Engagement der Aktiven unterst\u00fctzt.<\/span><\/span><\/span><\/p>\n","protected":false},"excerpt":{"rendered":"<p>Die LAG Region Bergisch-Sieg e.V. setzt Kleinf\u00f6rderprojekte in der Region &#8222;Vom Bergischen zur Sieg&#8220; um. Der B\u00fcrgerverein Niederwennerscheid e. V. bewarb sich im M\u00e4rz 2023 um eine F\u00f6rderung zum Umbau des Dorfplatzes. Es sollte ein Gartenhaus als Dorfgemeinschaftshaus auf dem &hellip; <a href=\"https:\/\/niederwennerscheid.de\/?page_id=12764\">Weiterlesen <span class=\"meta-nav\">&rarr;<\/span><\/a><\/p>\n","protected":false},"author":5,"featured_media":0,"parent":12743,"menu_order":0,"comment_status":"closed","ping_status":"closed","template":"","meta":{"_crdt_document":"","ngg_post_thumbnail":0,"footnotes":""},"class_list":["post-12764","page","type-page","status-publish","hentry"],"_links":{"self":[{"href":"https:\/\/niederwennerscheid.de\/index.php?rest_route=\/wp\/v2\/pages\/12764","targetHints":{"allow":["GET"]}}],"collection":[{"href":"https:\/\/niederwennerscheid.de\/index.php?rest_route=\/wp\/v2\/pages"}],"about":[{"href":"https:\/\/niederwennerscheid.de\/index.php?rest_route=\/wp\/v2\/types\/page"}],"author":[{"embeddable":true,"href":"https:\/\/niederwennerscheid.de\/index.php?rest_route=\/wp\/v2\/users\/5"}],"replies":[{"embeddable":true,"href":"https:\/\/niederwennerscheid.de\/index.php?rest_route=%2Fwp%2Fv2%2Fcomments&post=12764"}],"version-history":[{"count":4,"href":"https:\/\/niederwennerscheid.de\/index.php?rest_route=\/wp\/v2\/pages\/12764\/revisions"}],"predecessor-version":[{"id":12770,"href":"https:\/\/niederwennerscheid.de\/index.php?rest_route=\/wp\/v2\/pages\/12764\/revisions\/12770"}],"up":[{"embeddable":true,"href":"https:\/\/niederwennerscheid.de\/index.php?rest_route=\/wp\/v2\/pages\/12743"}],"wp:attachment":[{"href":"https:\/\/niederwennerscheid.de\/index.php?rest_route=%2Fwp%2Fv2%2Fmedia&parent=12764"}],"curies":[{"name":"wp","href":"https:\/\/api.w.org\/{rel}","templated":true}]}}