{"id":12743,"date":"2023-12-18T15:54:35","date_gmt":"2023-12-18T15:54:35","guid":{"rendered":"https:\/\/niederwennerscheid.de\/?page_id=12743"},"modified":"2023-12-22T11:11:39","modified_gmt":"2023-12-22T11:11:39","slug":"dgh","status":"publish","type":"page","link":"https:\/\/niederwennerscheid.de\/?page_id=12743","title":{"rendered":"DGH"},"content":{"rendered":"<p><span style=\"font-family: georgia, palatino, serif; font-size: 12pt; color: #000000;\"><a style=\"color: #000000;\" href=\"https:\/\/niederwennerscheid.de\/?page_id=12764\">Der Anfang<\/a><\/span><\/p>\n<p><span style=\"font-family: georgia, palatino, serif; font-size: 12pt; color: #000000;\"><a style=\"color: #000000;\" href=\"https:\/\/niederwennerscheid.de\/?page_id=12774\">Anlieferung<\/a><\/span><\/p>\n<p><span style=\"font-family: georgia, palatino, serif; font-size: 12pt; color: #000000;\"><a style=\"color: #000000;\" href=\"https:\/\/niederwennerscheid.de\/?page_id=12776\">Fundament<\/a><\/span><\/p>\n<p><span style=\"font-family: georgia, palatino, serif; font-size: 12pt; color: #000000;\"><a style=\"color: #000000;\" href=\"https:\/\/niederwennerscheid.de\/?page_id=12926\">Fundamenth\u00f6lzer legen und Fussbodeneinbau<\/a><\/span><\/p>\n<p><span style=\"font-size: 12pt; font-family: georgia, palatino, serif; color: #000000;\"><a style=\"color: #000000;\" href=\"https:\/\/niederwennerscheid.de\/?page_id=12928\">Impr\u00e4gnierung und Aufbau der W\u00e4nde<\/a><\/span><\/p>\n<p><span style=\"font-family: georgia, palatino, serif; font-size: 12pt; color: #000000;\"><a style=\"color: #000000;\" href=\"https:\/\/niederwennerscheid.de\/?page_id=12929\">Notausgang<\/a><\/span><\/p>\n<p><span style=\"font-family: georgia, palatino, serif; font-size: 12pt; color: #000000;\"><a style=\"color: #000000;\" href=\"https:\/\/niederwennerscheid.de\/?page_id=12930\">Schiebet\u00fcreinbau<\/a><\/span><\/p>\n<p><span style=\"font-family: georgia, palatino, serif; font-size: 12pt; color: #000000;\"><a style=\"color: #000000;\" href=\"https:\/\/niederwennerscheid.de\/?page_id=12931\">Dach und Dacheindeckung<\/a><\/span><\/p>\n<p><span style=\"font-family: georgia, palatino, serif; font-size: 12pt; color: #000000;\"><a style=\"color: #000000;\" href=\"https:\/\/niederwennerscheid.de\/?page_id=12932\">Fu\u00dfbodenbelag verlegen<\/a><\/span><\/p>\n<p><span style=\"font-family: georgia, palatino, serif; font-size: 12pt; color: #000000;\"><a style=\"color: #000000;\" href=\"https:\/\/niederwennerscheid.de\/?page_id=12933\">Elektroinstallation<\/a><\/span><\/p>\n<p><span style=\"font-family: georgia, palatino, serif; font-size: 12pt; color: #000000;\"><a style=\"color: #000000;\" href=\"https:\/\/niederwennerscheid.de\/?page_id=12934\">Inneneinrichtung und Anstrich<\/a><\/span><\/p>\n<p>&nbsp;<\/p>\n<p>&nbsp;<\/p>\n<p>&nbsp;<\/p>\n","protected":false},"excerpt":{"rendered":"<p>Der Anfang Anlieferung Fundament Fundamenth\u00f6lzer legen und Fussbodeneinbau Impr\u00e4gnierung und Aufbau der W\u00e4nde Notausgang Schiebet\u00fcreinbau Dach und Dacheindeckung Fu\u00dfbodenbelag verlegen Elektroinstallation Inneneinrichtung und Anstrich &nbsp; &nbsp; &nbsp;<\/p>\n","protected":false},"author":5,"featured_media":0,"parent":0,"menu_order":0,"comment_status":"closed","ping_status":"closed","template":"","meta":{"_crdt_document":"","ngg_post_thumbnail":0,"footnotes":""},"class_list":["post-12743","page","type-page","status-publish","hentry"],"_links":{"self":[{"href":"https:\/\/niederwennerscheid.de\/index.php?rest_route=\/wp\/v2\/pages\/12743","targetHints":{"allow":["GET"]}}],"collection":[{"href":"https:\/\/niederwennerscheid.de\/index.php?rest_route=\/wp\/v2\/pages"}],"about":[{"href":"https:\/\/niederwennerscheid.de\/index.php?rest_route=\/wp\/v2\/types\/page"}],"author":[{"embeddable":true,"href":"https:\/\/niederwennerscheid.de\/index.php?rest_route=\/wp\/v2\/users\/5"}],"replies":[{"embeddable":true,"href":"https:\/\/niederwennerscheid.de\/index.php?rest_route=%2Fwp%2Fv2%2Fcomments&post=12743"}],"version-history":[{"count":12,"href":"https:\/\/niederwennerscheid.de\/index.php?rest_route=\/wp\/v2\/pages\/12743\/revisions"}],"predecessor-version":[{"id":13041,"href":"https:\/\/niederwennerscheid.de\/index.php?rest_route=\/wp\/v2\/pages\/12743\/revisions\/13041"}],"wp:attachment":[{"href":"https:\/\/niederwennerscheid.de\/index.php?rest_route=%2Fwp%2Fv2%2Fmedia&parent=12743"}],"curies":[{"name":"wp","href":"https:\/\/api.w.org\/{rel}","templated":true}]}}