{"id":10486,"date":"2020-12-01T13:25:59","date_gmt":"2020-12-01T13:25:59","guid":{"rendered":"https:\/\/niederwennerscheid.de\/?page_id=10486"},"modified":"2022-08-11T11:26:57","modified_gmt":"2022-08-11T11:26:57","slug":"2020-2","status":"publish","type":"page","link":"https:\/\/niederwennerscheid.de\/?page_id=10486","title":{"rendered":"2020 \/ Jahresr\u00fcckblick"},"content":{"rendered":"<h4><span style=\"color: #ff6600;\">Pr\u00e4gnante Ereignisse des Jahres im \u00dcberblick:<\/span><\/h4>\n<ul>\n<li><strong>Corona-Pandemie:<\/strong> Das Corona-Virus trat zum ersten Mal im Dezember 2019<br \/>\nauf, die Auswirkungen auf das Privatleben zeigten sich erst im Jahr 2020.<br \/>\nErster deutschlandweiter Lockdown im M\u00e4rz, der \u00fcber einen Monat anhielt mit<br \/>\nwenigen Lockerungen. Viele Unternehmen gingen Pleite, viele Angestellte<br \/>\nverloren Ihren Job. &nbsp;Zweite Welle zum Ende des Jahres, langer Lockdown bis nach Ostern 2021.<\/li>\n<li><strong>Der Brexit<\/strong> (= EU-Austritt des Vereinigten K\u00f6nigreiches), erfolgte am<br \/>\n31. Januar 2020 mit \u00dcbergangsphase bis 31. Dezember 2020.<\/li>\n<li><strong>Waldbr\u00e4nde in Australien<\/strong> hielten von Juni 2019 bis M\u00e4rz 2020 an.<br \/>\nMehr als 12 Mill. Hektar Land wurden zerst\u00f6rt, mindestens 33 Menschen<br \/>\nstarben. Noch schlimmer die Folgen f\u00fcr die Tierwelt: Sch\u00e4tzungsweise k\u00f6nnten<br \/>\nmehr als eine Milliarde Tiere gestorben sein.<\/li>\n<li><strong>Black Lives Matter<\/strong> (deutsch: schwarze Leben z\u00e4hlen) <strong>Bewegung<\/strong> wurde nach<br \/>\ndem Tod von George Floyd ins Leben gerufen. George Floyd wurde Opfer von<br \/>\nPolizeigewalt und starb am 25. Mai 2020, nachdem ein Beamter ca. zehn Minuten<br \/>\nauf seinem Hals kniete und er anschlie\u00dfend daran erstickte. Mittlerweile<br \/>\nprotestieren tausende Menschen weltweit gegen Rassismus und Polizeigewalt.<\/li>\n<li><strong>Die US-Wahlen <\/strong>Anfang November waren ein wichtiges Ereignis 2020.<br \/>\nDonald Trump, amtierender US-Pr\u00e4sident der Republikaner, wurde abgew\u00e4hlt.<br \/>\nNeuer US-Pr\u00e4sident wurde&nbsp; der Demokrat Joe Biden, der bereits 2009 bis 2017<br \/>\nVize-Pr\u00e4sident der Vereinigten Staaten war.<\/li>\n<li><strong>Niederwennerscheid:<\/strong> Monatliche B\u00fcrgertreffen sowie alle \u00fcblichen Events<br \/>\nwurden wegen der Corona-Pandemie abgesagt.<br \/>\nAusnahme: Jahreshauptversammlung, Kinder schm\u00fccken den Weihnachtsbaum<\/li>\n<li>&#8230;<\/li>\n<\/ul>\n","protected":false},"excerpt":{"rendered":"<p>Pr\u00e4gnante Ereignisse des Jahres im \u00dcberblick: Corona-Pandemie: Das Corona-Virus trat zum ersten Mal im Dezember 2019 auf, die Auswirkungen auf das Privatleben zeigten sich erst im Jahr 2020. Erster deutschlandweiter Lockdown im M\u00e4rz, der \u00fcber einen Monat anhielt mit wenigen &hellip; <a href=\"https:\/\/niederwennerscheid.de\/?page_id=10486\">Weiterlesen <span class=\"meta-nav\">&rarr;<\/span><\/a><\/p>\n","protected":false},"author":5,"featured_media":0,"parent":0,"menu_order":0,"comment_status":"closed","ping_status":"closed","template":"","meta":{"_crdt_document":"","ngg_post_thumbnail":0,"footnotes":""},"class_list":["post-10486","page","type-page","status-publish","hentry"],"_links":{"self":[{"href":"https:\/\/niederwennerscheid.de\/index.php?rest_route=\/wp\/v2\/pages\/10486","targetHints":{"allow":["GET"]}}],"collection":[{"href":"https:\/\/niederwennerscheid.de\/index.php?rest_route=\/wp\/v2\/pages"}],"about":[{"href":"https:\/\/niederwennerscheid.de\/index.php?rest_route=\/wp\/v2\/types\/page"}],"author":[{"embeddable":true,"href":"https:\/\/niederwennerscheid.de\/index.php?rest_route=\/wp\/v2\/users\/5"}],"replies":[{"embeddable":true,"href":"https:\/\/niederwennerscheid.de\/index.php?rest_route=%2Fwp%2Fv2%2Fcomments&post=10486"}],"version-history":[{"count":9,"href":"https:\/\/niederwennerscheid.de\/index.php?rest_route=\/wp\/v2\/pages\/10486\/revisions"}],"predecessor-version":[{"id":11765,"href":"https:\/\/niederwennerscheid.de\/index.php?rest_route=\/wp\/v2\/pages\/10486\/revisions\/11765"}],"wp:attachment":[{"href":"https:\/\/niederwennerscheid.de\/index.php?rest_route=%2Fwp%2Fv2%2Fmedia&parent=10486"}],"curies":[{"name":"wp","href":"https:\/\/api.w.org\/{rel}","templated":true}]}}